{"id":2905,"date":"2024-05-14T06:03:57","date_gmt":"2024-05-14T06:03:57","guid":{"rendered":"https:\/\/shop.hegner.swiss\/agb\/"},"modified":"2024-09-16T12:14:16","modified_gmt":"2024-09-16T12:14:16","slug":"agb","status":"publish","type":"page","link":"https:\/\/shop.hegner.swiss\/fr\/agb\/","title":{"rendered":"CGV"},"content":{"rendered":"\n<h1 class=\"wp-block-heading\">Conditions g\u00e9n\u00e9rales de vente (CGV)<\/h1>\n\n\n\n<h2 class=\"wp-block-heading\">Conditions de vente et de livraison de la maison Hegner SA<\/h2>\n\n\n\n<h3 class=\"wp-block-heading\">Acceptation des conditions de vente et de livraison<\/h3>\n\n\n\n<p>Sauf convention \u00e9crite contraire, la passation de la commande de la part de l\u2019acheteur vaut acception de toutes les dispositions de ces conditions de vente et de livraison.<\/p>\n\n\n\n<h3 class=\"wp-block-heading\">Dimensions et illustrations<\/h3>\n\n\n\n<p>Les dimensions, illustrations et indications sont sans engagement. Sous r\u00e9serve des modifications de mod\u00e8le ou de l\u2019ex\u00e9cution.<\/p>\n\n\n\n<h3 class=\"wp-block-heading\">Prix<\/h3>\n\n\n\n<p>Les prix indiqu\u00e9s sont les prix indicatifs du jour et s\u2019entendent, sauf indications contraire, TVA non comprise.<\/p>\n\n\n\n<h3 class=\"wp-block-heading\">TAR (taxe anticip\u00e9e de recyclage)<\/h3>\n\n\n\n<p>Le prix de vente de la plupart des articles \u00e0 base de composants \u00e9lectriques ou \u00e9lectroniques comprend un suppl\u00e9ment appel\u00e9 \u00ab TAR\u00bb qui garantit par la suite une \u00e9limination appropri\u00e9e gratuite des appareils par le fabricant ou l\u2019importateur.<\/p>\n\n\n\n<h3 class=\"wp-block-heading\">Offres<\/h3>\n\n\n\n<p>Sauf convention \u00e9crite contraire, les offres communiqu\u00e9es par t\u00e9l\u00e9phone ou sous forme \u00e9crite ne valent engagement qu\u2019en cas d\u2019accord \u00e9crit imm\u00e9diat et d\u2019acceptation des quantit\u00e9s demand\u00e9es, sauf vente r\u00e9alis\u00e9e dans des d\u00e9lais plus brefs.<\/p>\n\n\n\n<h3 class=\"wp-block-heading\">Emballage et frais de transport<\/h3>\n\n\n\n<p>Les frais d\u2019emballage et de transport sont g\u00e9n\u00e9ralement \u00e0 notre charge \u00e0 partir d\u2019une valeur de marchandises (net) de CHF350.00 sauf les retours de machines (r\u00e9parations) pour lesquels les frais effectifs sont factur\u00e9s. Pour tous les envois d\u2019une valeur de livraison inf\u00e9rieure \u00e0 CHF 350.00 les frais de transport et d\u2019emballage effectifs sont \u00e0 charge du client (CHF 7.50 pour courriel de peu de valeur et CHF 15.00 pour envoi de colis).<br>Pour des raisons de co\u00fbts il n\u2019est pas possible d\u2019envoyer des commandes d\u2019une valeur marchande inf\u00e9rieur \u00e0 CHF 50.00.<\/p>\n\n\n\n<h3 class=\"wp-block-heading\">D\u00e9lais de livraison<\/h3>\n\n\n\n<p>Nous nous effor\u00e7ons de r\u00e9duire au maximium les d\u00e9lais de livraison. Aucune pr\u00e9tention \u00e0 dommage-int\u00e9r\u00eats ne peut \u00eatre invoqu\u00e9e pour livraison tardive.<\/p>\n\n\n\n<h3 class=\"wp-block-heading\">Conditions de paiement<\/h3>\n\n\n\n<p>Sauf convention \u00e9crite contraire, les factures sont payables dans un d\u00e9lai de 10 jours, prix net. Tous les frais et int\u00e9r\u00eats de retard r\u00e9sultant du paiement tardif sont \u00e0 la charge de l\u2019acheteur. Nouveaux clients: paiement en esp\u00e8ces ou d\u2019avance. Nous nous r\u00e9servons le droit de demander paiement d\u2019avance ou en esp\u00e8ces de tous nos clients.<br>Jusqu\u2019 au paiement complet, la marchandise reste la propri\u00e9t\u00e9 de Hegner SA.<\/p>\n\n\n\n<h3 class=\"wp-block-heading\">Garantie<\/h3>\n\n\n\n<p>En cas de d\u00e9faut attest\u00e9 du mat\u00e9riel ou de la construction, nous accordons une garantie de 24 mois \u00e0 compter de la livraison. Nous nous r\u00e9servons le droit de choisir entre la r\u00e9paration de la marchandise ou son remplacement. Nous d\u00e9clinons toute pr\u00e9tention \u00e0 dommages-int\u00e9r\u00eats.<\/p>\n\n\n\n<h3 class=\"wp-block-heading\">R\u00e9clamations<\/h3>\n\n\n\n<p>Le contr\u00f4le des envois doit s\u2019effectuer imm\u00e9diatement lors de la r\u00e9ception de la marchandise. Les r\u00e9clamations doivent \u00eatre communiqu\u00e9es dans un d\u00e9lai de 8 jours. En cas de dommages ou de perte, le destinataire est tenu de faire \u00e9tablir un costat par la Poste ou le transporteur avant d\u2019accepter la marchandise.<\/p>\n\n\n\n<h3 class=\"wp-block-heading\">Reprises<\/h3>\n\n\n\n<p>La reprise des marchandises en stocks, neuves, non utilis\u00e9es dans leur emballage d\u2019origine intact, ne peut avoir lieu qu\u2019apr\u00e8s accord pr\u00e9alable. Les marchandises ne faisant pas partie de l\u2019assortiment des stocks, les mod\u00e8les speciaux etc., ne peuvent pas \u00eatre repris ou le seront uniquement repris conform\u00e9ment au conditions d\u00e9finies par le fabricant. En cas de retour de marchandises, l\u2019indication de la date et du num\u00e9ro de la facture ou du bon de livraison sont indispensables. Les frais occasionn\u00e9s sont d\u00e9duits de l\u2019avoir.<\/p>\n\n\n\n<h3 class=\"wp-block-heading\">Protection des donn\u00e9es<\/h3>\n\n\n\n<p>Toutes les donn\u00e9es personnelles collect\u00e9es seront trait\u00e9es confidentiellement. Elles sont utilis\u00e9s seulement pour les prestations pr\u00e9contractuelles, pour la r\u00e9alisation du contrat ou \u00e0 fins de gestion du client.<\/p>\n\n\n\n<h3 class=\"wp-block-heading\">Droit de propri\u00e9t\u00e9 et droit d\u2019auteur<\/h3>\n\n\n\n<p>Toute utilisation du contenu graphique ou textuel sans autorisation \u00e9crite de notre part est interdite.<\/p>\n\n\n\n<h3 class=\"wp-block-heading\">Juridiction comp\u00e9tente<\/h3>\n\n\n\n<p>Pour toute litige, les tribunaux de Freienbach sont seuls comp\u00e9tents.<\/p>\n\n\n\n<h5 class=\"wp-block-heading\">Freienbach, 1 ao\u00fbt 2024, Hegner SA<\/h5>\n","protected":false},"excerpt":{"rendered":"<p>Conditions g\u00e9n\u00e9rales de vente (CGV) Conditions de vente et de livraison de la maison Hegner SA Acceptation des conditions de vente et de livraison Sauf convention \u00e9crite contraire, la passation de la commande de la part de l\u2019acheteur vaut acception de toutes les dispositions de ces conditions de vente et de livraison. Dimensions et illustrations [&hellip;]<\/p>\n","protected":false},"author":9,"featured_media":0,"parent":0,"menu_order":0,"comment_status":"closed","ping_status":"closed","template":"","meta":{"inline_featured_image":false,"_genesis_hide_title":true,"_genesis_hide_breadcrumbs":false,"_genesis_hide_singular_image":false,"_genesis_hide_footer_widgets":false,"_genesis_custom_body_class":"","_genesis_custom_post_class":"","_genesis_layout":"","ep_exclude_from_search":false,"footnotes":""},"class_list":{"0":"post-2905","1":"page","2":"type-page","3":"status-publish","5":"entry"},"_links":{"self":[{"href":"https:\/\/shop.hegner.swiss\/fr\/wp-json\/wp\/v2\/pages\/2905","targetHints":{"allow":["GET"]}}],"collection":[{"href":"https:\/\/shop.hegner.swiss\/fr\/wp-json\/wp\/v2\/pages"}],"about":[{"href":"https:\/\/shop.hegner.swiss\/fr\/wp-json\/wp\/v2\/types\/page"}],"author":[{"embeddable":true,"href":"https:\/\/shop.hegner.swiss\/fr\/wp-json\/wp\/v2\/users\/9"}],"replies":[{"embeddable":true,"href":"https:\/\/shop.hegner.swiss\/fr\/wp-json\/wp\/v2\/comments?post=2905"}],"version-history":[{"count":0,"href":"https:\/\/shop.hegner.swiss\/fr\/wp-json\/wp\/v2\/pages\/2905\/revisions"}],"wp:attachment":[{"href":"https:\/\/shop.hegner.swiss\/fr\/wp-json\/wp\/v2\/media?parent=2905"}],"curies":[{"name":"wp","href":"https:\/\/api.w.org\/{rel}","templated":true}]}}