{"id":3037,"date":"2024-05-21T09:15:17","date_gmt":"2024-05-21T09:15:17","guid":{"rendered":"https:\/\/shop.hegner.swiss\/ueber-uns\/"},"modified":"2024-09-02T13:50:46","modified_gmt":"2024-09-02T13:50:46","slug":"ueber-uns","status":"publish","type":"page","link":"https:\/\/shop.hegner.swiss\/fr\/ueber-uns\/","title":{"rendered":"\u00c0 PROPOS"},"content":{"rendered":"\n<div style=\"height:25px\" aria-hidden=\"true\" class=\"wp-block-spacer\"><\/div>\n\n\n\n<h1 class=\"wp-block-heading has-text-align-center\">\u00c0 propos de nous<\/h1>\n\n\n\n<p>L\u2019entreprise Hegner AG a \u00e9t\u00e9 fond\u00e9e en 1991 pour prendre en charge la repr\u00e9sentation des produits Hegner, une mission jusque-l\u00e0 assur\u00e9e par l\u2019entreprise priv\u00e9e P. Matzinger. Le si\u00e8ge social a \u00e9t\u00e9 ouvert \u00e0 Urdorf, sur la Steinackerstrasse, avec une filiale \u00e0 Gen\u00e8ve.<br>En 2014, le si\u00e8ge social a \u00e9t\u00e9 d\u00e9plac\u00e9 d\u2019Urdorf \u00e0 Winterthur. Notre showroom dans les nouveaux espaces lumineux est ouvert tous les jours, et les produits Hegner peuvent non seulement \u00eatre contempl\u00e9s, mais aussi essay\u00e9s.<br>La filiale de Gen\u00e8ve a malheureusement d\u00fb \u00eatre ferm\u00e9e pour diminuer les co\u00fbts. Aujourd\u2019hui, le si\u00e8ge social assure le suivi pour toute la Suisse.<br>En ao\u00fbt 2024, le si\u00e8ge social a \u00e9t\u00e9 transf\u00e9r\u00e9 de Winterthur \u00e0 Freienbach. L\u00e0 aussi, il est possible (sur demande) de visiter l\u2019exposition et d\u2019admirer et d\u2019essayer les diff\u00e9rentes machines.<\/p>\n\n\n\n<p>Depuis nos d\u00e9buts, nous nous effor\u00e7ons de faire conna\u00eetre les avantages des produits Hegner dans toute la Suisse. Il va de soi que nous livrons toute la gamme des produits ainsi que les accessoires et les pi\u00e8ces de rechange avec une grande disponibilit\u00e9. Les commandes arrivent majoritairement chez nos clients d\u00e8s le lendemain ou le surlendemain.<br>Nous avons \u00e9galement un atelier de r\u00e9paration et de r\u00e9vision sur place, au si\u00e8ge social \u00e0 8807 Freienbach. Les machines re\u00e7ues et livr\u00e9es sont en g\u00e9n\u00e9ral remises enti\u00e8rement en \u00e9tat de fonctionnement en quelques jours et renvoy\u00e9es \u00e0 leurs heureux propri\u00e9taires.<\/p>\n\n\n\n<p>Nous remercions nos clients de longue date de leur fid\u00e9lit\u00e9 et nous sommes heureux de pouvoir \u00e9galement mettre notre professionnalisme et notre efficacit\u00e9 \u00e0 votre service.<\/p>\n\n\n\n<div style=\"height:100px\" aria-hidden=\"true\" class=\"wp-block-spacer\"><\/div>\n","protected":false},"excerpt":{"rendered":"<p>\u00c0 propos de nous L\u2019entreprise Hegner AG a \u00e9t\u00e9 fond\u00e9e en 1991 pour prendre en charge la repr\u00e9sentation des produits Hegner, une mission jusque-l\u00e0 assur\u00e9e par l\u2019entreprise priv\u00e9e P. Matzinger. Le si\u00e8ge social a \u00e9t\u00e9 ouvert \u00e0 Urdorf, sur la Steinackerstrasse, avec une filiale \u00e0 Gen\u00e8ve.En 2014, le si\u00e8ge social a \u00e9t\u00e9 d\u00e9plac\u00e9 d\u2019Urdorf \u00e0 [&hellip;]<\/p>\n","protected":false},"author":3,"featured_media":0,"parent":0,"menu_order":0,"comment_status":"closed","ping_status":"closed","template":"","meta":{"inline_featured_image":false,"_genesis_hide_title":true,"_genesis_hide_breadcrumbs":false,"_genesis_hide_singular_image":false,"_genesis_hide_footer_widgets":false,"_genesis_custom_body_class":"","_genesis_custom_post_class":"","_genesis_layout":"","ep_exclude_from_search":false,"footnotes":""},"class_list":{"0":"post-3037","1":"page","2":"type-page","3":"status-publish","5":"entry"},"_links":{"self":[{"href":"https:\/\/shop.hegner.swiss\/fr\/wp-json\/wp\/v2\/pages\/3037","targetHints":{"allow":["GET"]}}],"collection":[{"href":"https:\/\/shop.hegner.swiss\/fr\/wp-json\/wp\/v2\/pages"}],"about":[{"href":"https:\/\/shop.hegner.swiss\/fr\/wp-json\/wp\/v2\/types\/page"}],"author":[{"embeddable":true,"href":"https:\/\/shop.hegner.swiss\/fr\/wp-json\/wp\/v2\/users\/3"}],"replies":[{"embeddable":true,"href":"https:\/\/shop.hegner.swiss\/fr\/wp-json\/wp\/v2\/comments?post=3037"}],"version-history":[{"count":0,"href":"https:\/\/shop.hegner.swiss\/fr\/wp-json\/wp\/v2\/pages\/3037\/revisions"}],"wp:attachment":[{"href":"https:\/\/shop.hegner.swiss\/fr\/wp-json\/wp\/v2\/media?parent=3037"}],"curies":[{"name":"wp","href":"https:\/\/api.w.org\/{rel}","templated":true}]}}