{"id":2343,"date":"2024-07-11T13:55:22","date_gmt":"2024-07-11T11:55:22","guid":{"rendered":"https:\/\/shop.hegner.swiss\/product\/trepied-pour-les-scies-multicut\/"},"modified":"2024-10-23T15:22:04","modified_gmt":"2024-10-23T13:22:04","slug":"trepied-pour-les-scies-multicut","status":"publish","type":"product","link":"https:\/\/shop.hegner.swiss\/fr\/produkt\/trepied-pour-les-scies-multicut\/","title":{"rendered":"Tr\u00e9pied pour les scies Hegner Multicut"},"content":{"rendered":"<h3>Tr\u00e9pied support pour les scies \u00e0 chantourner Hegner Multicut<\/h3>\n<ul>\n<li>Le tr\u00e9pied permet d\u2019obtenir une stabilit\u00e9 parfaite et \u00e9limine toute vibration<\/li>\n<li>est livr\u00e9 compl\u00e8tement mont\u00e9. Niveau de travail: 1040 &#8211; 1065 mm, d\u00e9pendent du mod\u00e8le Multicut<\/li>\n<\/ul>\n","protected":false},"excerpt":{"rendered":"<p>pour travailler sans vibration<\/p>\n","protected":false},"featured_media":1894,"comment_status":"open","ping_status":"closed","template":"","meta":{"inline_featured_image":false,"_genesis_hide_title":false,"_genesis_hide_breadcrumbs":false,"_genesis_hide_singular_image":false,"_genesis_hide_footer_widgets":false,"_genesis_custom_body_class":"","_genesis_custom_post_class":"","_genesis_layout":"","ep_exclude_from_search":false},"product_brand":[],"product_cat":[189,190],"product_tag":[],"class_list":{"0":"post-2343","1":"product","2":"type-product","3":"status-publish","4":"has-post-thumbnail","6":"product_cat-accessoires-multicut-1","7":"product_cat-accessoires-multicut-2s-se-quick","8":"product_shipping_class-paquet-chf-15-00","9":"pa_tiefe-455-mm-fr","10":"entry","12":"first","13":"instock","14":"taxable","15":"shipping-taxable","16":"purchasable","17":"product-type-simple"},"_links":{"self":[{"href":"https:\/\/shop.hegner.swiss\/fr\/wp-json\/wp\/v2\/product\/2343","targetHints":{"allow":["GET"]}}],"collection":[{"href":"https:\/\/shop.hegner.swiss\/fr\/wp-json\/wp\/v2\/product"}],"about":[{"href":"https:\/\/shop.hegner.swiss\/fr\/wp-json\/wp\/v2\/types\/product"}],"replies":[{"embeddable":true,"href":"https:\/\/shop.hegner.swiss\/fr\/wp-json\/wp\/v2\/comments?post=2343"}],"wp:featuredmedia":[{"embeddable":true,"href":"https:\/\/shop.hegner.swiss\/fr\/wp-json\/wp\/v2\/media\/1894"}],"wp:attachment":[{"href":"https:\/\/shop.hegner.swiss\/fr\/wp-json\/wp\/v2\/media?parent=2343"}],"wp:term":[{"taxonomy":"product_brand","embeddable":true,"href":"https:\/\/shop.hegner.swiss\/fr\/wp-json\/wp\/v2\/product_brand?post=2343"},{"taxonomy":"product_cat","embeddable":true,"href":"https:\/\/shop.hegner.swiss\/fr\/wp-json\/wp\/v2\/product_cat?post=2343"},{"taxonomy":"product_tag","embeddable":true,"href":"https:\/\/shop.hegner.swiss\/fr\/wp-json\/wp\/v2\/product_tag?post=2343"}],"curies":[{"name":"wp","href":"https:\/\/api.w.org\/{rel}","templated":true}]}}