{"id":2348,"date":"2024-07-11T13:55:22","date_gmt":"2024-07-11T11:55:22","guid":{"rendered":"https:\/\/shop.hegner.swiss\/product\/presse-piece-pour-multicut-1-avant-12-2017\/"},"modified":"2024-10-23T15:36:10","modified_gmt":"2024-10-23T13:36:10","slug":"presse-piece-pour-multicut-1-avant-12-2017","status":"publish","type":"product","link":"https:\/\/shop.hegner.swiss\/fr\/produkt\/presse-piece-pour-multicut-1-avant-12-2017\/","title":{"rendered":"Presse-pi\u00e8ce pour Multicut 1 (avant 12\/2017)"},"content":{"rendered":"<h3>Presse-pi\u00e8ce pour Hegner Multicut 1 fabriqu\u00e9e avant d\u00e9cembre 2017<\/h3>\n<ul>\n<li>pour Multicut 1 fabriqu\u00e9e <strong>avant d\u00e9cembre 2017<\/strong> (jusqu&#8217;au N\u00b0 de machine 632205)<\/li>\n<li>Option obligatoire pour les \u00e9coles et administrations<\/li>\n<li>Assure en production un soulagement de tenue de pi\u00e8ce pour les fortes \u00e9paisseurs et les objets de grandes dimensions<\/li>\n<\/ul>\n","protected":false},"excerpt":{"rendered":"<p>pour des Multicut 1 plus anciennes<\/p>\n","protected":false},"featured_media":1903,"comment_status":"open","ping_status":"closed","template":"","meta":{"inline_featured_image":false,"_genesis_hide_title":false,"_genesis_hide_breadcrumbs":false,"_genesis_hide_singular_image":false,"_genesis_hide_footer_widgets":false,"_genesis_custom_body_class":"","_genesis_custom_post_class":"","_genesis_layout":"","ep_exclude_from_search":false},"product_brand":[],"product_cat":[189],"product_tag":[],"class_list":{"0":"post-2348","1":"product","2":"type-product","3":"status-publish","4":"has-post-thumbnail","6":"product_cat-accessoires-multicut-1","7":"product_shipping_class-paquet-chf-15-00","8":"entry","10":"first","11":"instock","12":"taxable","13":"shipping-taxable","14":"purchasable","15":"product-type-simple"},"_links":{"self":[{"href":"https:\/\/shop.hegner.swiss\/fr\/wp-json\/wp\/v2\/product\/2348","targetHints":{"allow":["GET"]}}],"collection":[{"href":"https:\/\/shop.hegner.swiss\/fr\/wp-json\/wp\/v2\/product"}],"about":[{"href":"https:\/\/shop.hegner.swiss\/fr\/wp-json\/wp\/v2\/types\/product"}],"replies":[{"embeddable":true,"href":"https:\/\/shop.hegner.swiss\/fr\/wp-json\/wp\/v2\/comments?post=2348"}],"wp:featuredmedia":[{"embeddable":true,"href":"https:\/\/shop.hegner.swiss\/fr\/wp-json\/wp\/v2\/media\/1903"}],"wp:attachment":[{"href":"https:\/\/shop.hegner.swiss\/fr\/wp-json\/wp\/v2\/media?parent=2348"}],"wp:term":[{"taxonomy":"product_brand","embeddable":true,"href":"https:\/\/shop.hegner.swiss\/fr\/wp-json\/wp\/v2\/product_brand?post=2348"},{"taxonomy":"product_cat","embeddable":true,"href":"https:\/\/shop.hegner.swiss\/fr\/wp-json\/wp\/v2\/product_cat?post=2348"},{"taxonomy":"product_tag","embeddable":true,"href":"https:\/\/shop.hegner.swiss\/fr\/wp-json\/wp\/v2\/product_tag?post=2348"}],"curies":[{"name":"wp","href":"https:\/\/api.w.org\/{rel}","templated":true}]}}