{"id":2373,"date":"2024-07-11T13:56:56","date_gmt":"2024-07-11T11:56:56","guid":{"rendered":"https:\/\/shop.hegner.swiss\/product\/fein-gesaegt\/"},"modified":"2024-10-23T10:38:21","modified_gmt":"2024-10-23T08:38:21","slug":"fein-gesaegt","status":"publish","type":"product","link":"https:\/\/shop.hegner.swiss\/fr\/produkt\/fein-gesaegt\/","title":{"rendered":"Livre &#8211; fein ges\u00e4gt!"},"content":{"rendered":"<h3>Livre (seulement en allemand): fein ges\u00e4gt!<\/h3>\n<ul>\n<li>Wenn Sie mit Ihrer Dekupiers\u00e4ge einmal mehr machen wollen, als kleine Tierfiguren f\u00fcr die Fensterdekoration, dann werden Sie hier f\u00fcndig. Die s\u00fcdafrikanisch-kanadische Holzwerkerin Roshaan Ganief zeigt 40 ambitionierte Projekte, die immer dekorativ und h\u00e4ufig auch sehr praktisch sind: Visitenkartenhalter, Bilderrahmen, Schl\u00fcsselbretter, Untersetzer, eine Magnettafel, eine Lampe, Schmuck und manches mehr. Holen Sie mehr aus Ihrer Dekupiers\u00e4ge heraus und bauen Sie stilvolle Deko-Objekte und n\u00fctzliche Geschenke.<\/li>\n<\/ul>\n<p>&nbsp;<\/p>\n","protected":false},"excerpt":{"rendered":"<p>seulement en allemand<\/p>\n","protected":false},"featured_media":1940,"comment_status":"open","ping_status":"closed","template":"","meta":{"inline_featured_image":false,"_genesis_hide_title":false,"_genesis_hide_breadcrumbs":false,"_genesis_hide_singular_image":false,"_genesis_hide_footer_widgets":false,"_genesis_custom_body_class":"","_genesis_custom_post_class":"","_genesis_layout":"","ep_exclude_from_search":false},"product_brand":[],"product_cat":[189,190,191],"product_tag":[],"class_list":{"0":"post-2373","1":"product","2":"type-product","3":"status-publish","4":"has-post-thumbnail","6":"product_cat-accessoires-multicut-1","7":"product_cat-accessoires-multicut-2s-se-quick","8":"product_cat-accessoires-polycut-3","9":"product_shipping_class-paquet-chf-15-00","10":"entry","12":"first","13":"instock","14":"taxable","15":"shipping-taxable","16":"purchasable","17":"product-type-simple"},"_links":{"self":[{"href":"https:\/\/shop.hegner.swiss\/fr\/wp-json\/wp\/v2\/product\/2373","targetHints":{"allow":["GET"]}}],"collection":[{"href":"https:\/\/shop.hegner.swiss\/fr\/wp-json\/wp\/v2\/product"}],"about":[{"href":"https:\/\/shop.hegner.swiss\/fr\/wp-json\/wp\/v2\/types\/product"}],"replies":[{"embeddable":true,"href":"https:\/\/shop.hegner.swiss\/fr\/wp-json\/wp\/v2\/comments?post=2373"}],"wp:featuredmedia":[{"embeddable":true,"href":"https:\/\/shop.hegner.swiss\/fr\/wp-json\/wp\/v2\/media\/1940"}],"wp:attachment":[{"href":"https:\/\/shop.hegner.swiss\/fr\/wp-json\/wp\/v2\/media?parent=2373"}],"wp:term":[{"taxonomy":"product_brand","embeddable":true,"href":"https:\/\/shop.hegner.swiss\/fr\/wp-json\/wp\/v2\/product_brand?post=2373"},{"taxonomy":"product_cat","embeddable":true,"href":"https:\/\/shop.hegner.swiss\/fr\/wp-json\/wp\/v2\/product_cat?post=2373"},{"taxonomy":"product_tag","embeddable":true,"href":"https:\/\/shop.hegner.swiss\/fr\/wp-json\/wp\/v2\/product_tag?post=2373"}],"curies":[{"name":"wp","href":"https:\/\/api.w.org\/{rel}","templated":true}]}}