{"id":2375,"date":"2024-07-11T13:56:56","date_gmt":"2024-07-11T13:56:56","guid":{"rendered":"https:\/\/shop.hegner.swiss\/product\/arbeitsbuch-feinschnittsaege\/"},"modified":"2024-10-23T09:17:44","modified_gmt":"2024-10-23T07:17:44","slug":"arbeitsbuch-feinschnittsaege","status":"publish","type":"product","link":"https:\/\/shop.hegner.swiss\/fr\/produkt\/arbeitsbuch-feinschnittsaege\/","title":{"rendered":"&#8216;- Arbeitsbuch Feinschnitts\u00e4ge"},"content":{"rendered":"<h3>Livre (seulement en allemand): Arbeitsbuch Feinschnitts\u00e4ge<\/h3>\n<ul>\n<li>Das Aufsteigerbuch f\u00fcr den Dekupiers\u00e4gebesitzer! Alle Anleitungen mit Vorlagezeichnungen! Nach einer Einf\u00fchrung in die M\u00f6glichkeiten der Dekupiers\u00e4ge und einigen Bemerkungen zu Material und Arbeitssicherheit, bietet das Buch einen kompletten Einsteigerkurs. In 25 praktischen \u00dcbungen, die im Schwierigkeitsgrad ansteigen, werden Anf\u00e4nger zu Fortgeschrittenen. Die Techniken, die hier an ebenso praktischen wie sch\u00f6nen Objekten einge\u00fcbt werden, bauen aufeinander auf. Begonnen wird mit einfachen Figuren wie z.B. einem Fisch und am Ende stehen komplexere Arbeiten: Puzzles, Buchstaben und eine Einfassung f\u00fcr einen Korb. Hier macht Lernen von Anfang an Spass! Zielgruppe: alle die mit Feinschnitt- oder Laubs\u00e4ge arbeiten wollen; P\u00e4dagogen, die einfaches handwerkliches Arbeiten einsetzen<\/li>\n<\/ul>\n<p>&nbsp;<\/p>\n","protected":false},"excerpt":{"rendered":"<p>seulement en allemand<\/p>\n","protected":false},"featured_media":1943,"comment_status":"open","ping_status":"closed","template":"","meta":{"inline_featured_image":false,"_genesis_hide_title":false,"_genesis_hide_breadcrumbs":false,"_genesis_hide_singular_image":false,"_genesis_hide_footer_widgets":false,"_genesis_custom_body_class":"","_genesis_custom_post_class":"","_genesis_layout":"","ep_exclude_from_search":false},"product_brand":[],"product_cat":[189,190,191],"product_tag":[],"class_list":{"0":"post-2375","1":"product","2":"type-product","3":"status-publish","4":"has-post-thumbnail","6":"product_cat-accessoires-multicut-1","7":"product_cat-accessoires-multicut-2s-se-quick","8":"product_cat-accessoires-polycut-3","9":"product_shipping_class-paquet-chf-15-00","10":"entry","12":"first","13":"instock","14":"taxable","15":"shipping-taxable","16":"purchasable","17":"product-type-simple"},"_links":{"self":[{"href":"https:\/\/shop.hegner.swiss\/fr\/wp-json\/wp\/v2\/product\/2375","targetHints":{"allow":["GET"]}}],"collection":[{"href":"https:\/\/shop.hegner.swiss\/fr\/wp-json\/wp\/v2\/product"}],"about":[{"href":"https:\/\/shop.hegner.swiss\/fr\/wp-json\/wp\/v2\/types\/product"}],"replies":[{"embeddable":true,"href":"https:\/\/shop.hegner.swiss\/fr\/wp-json\/wp\/v2\/comments?post=2375"}],"wp:featuredmedia":[{"embeddable":true,"href":"https:\/\/shop.hegner.swiss\/fr\/wp-json\/wp\/v2\/media\/1943"}],"wp:attachment":[{"href":"https:\/\/shop.hegner.swiss\/fr\/wp-json\/wp\/v2\/media?parent=2375"}],"wp:term":[{"taxonomy":"product_brand","embeddable":true,"href":"https:\/\/shop.hegner.swiss\/fr\/wp-json\/wp\/v2\/product_brand?post=2375"},{"taxonomy":"product_cat","embeddable":true,"href":"https:\/\/shop.hegner.swiss\/fr\/wp-json\/wp\/v2\/product_cat?post=2375"},{"taxonomy":"product_tag","embeddable":true,"href":"https:\/\/shop.hegner.swiss\/fr\/wp-json\/wp\/v2\/product_tag?post=2375"}],"curies":[{"name":"wp","href":"https:\/\/api.w.org\/{rel}","templated":true}]}}