{"id":2381,"date":"2024-07-11T13:56:56","date_gmt":"2024-07-11T11:56:56","guid":{"rendered":"https:\/\/shop.hegner.swiss\/product\/pince-lame-butee\/"},"modified":"2024-10-09T16:52:52","modified_gmt":"2024-10-09T14:52:52","slug":"pince-lame-butee","status":"publish","type":"product","link":"https:\/\/shop.hegner.swiss\/fr\/produkt\/pince-lame-butee\/","title":{"rendered":"Pince-lame but\u00e9e"},"content":{"rendered":"<h3>Pince-lame sp\u00e9ciale pour d\u00e9coupes interieures<\/h3>\n<ul>\n<li>adaptable sur tout les scies Hegner<\/li>\n<\/ul>\n","protected":false},"excerpt":{"rendered":"<p>Pince-lame sp\u00e9ciale pour d\u00e9coupes interieures<\/p>\n","protected":false},"featured_media":1952,"comment_status":"open","ping_status":"closed","template":"","meta":{"inline_featured_image":false,"_genesis_hide_title":false,"_genesis_hide_breadcrumbs":false,"_genesis_hide_singular_image":false,"_genesis_hide_footer_widgets":false,"_genesis_custom_body_class":"","_genesis_custom_post_class":"","_genesis_layout":"","ep_exclude_from_search":false},"product_brand":[],"product_cat":[189,190,191],"product_tag":[],"class_list":{"0":"post-2381","1":"product","2":"type-product","3":"status-publish","4":"has-post-thumbnail","6":"product_cat-accessoires-multicut-1","7":"product_cat-accessoires-multicut-2s-se-quick","8":"product_cat-accessoires-polycut-3","9":"product_shipping_class-kleinsendung-chf-7-50-fr","10":"entry","12":"first","13":"instock","14":"taxable","15":"shipping-taxable","16":"purchasable","17":"product-type-simple"},"_links":{"self":[{"href":"https:\/\/shop.hegner.swiss\/fr\/wp-json\/wp\/v2\/product\/2381","targetHints":{"allow":["GET"]}}],"collection":[{"href":"https:\/\/shop.hegner.swiss\/fr\/wp-json\/wp\/v2\/product"}],"about":[{"href":"https:\/\/shop.hegner.swiss\/fr\/wp-json\/wp\/v2\/types\/product"}],"replies":[{"embeddable":true,"href":"https:\/\/shop.hegner.swiss\/fr\/wp-json\/wp\/v2\/comments?post=2381"}],"wp:featuredmedia":[{"embeddable":true,"href":"https:\/\/shop.hegner.swiss\/fr\/wp-json\/wp\/v2\/media\/1952"}],"wp:attachment":[{"href":"https:\/\/shop.hegner.swiss\/fr\/wp-json\/wp\/v2\/media?parent=2381"}],"wp:term":[{"taxonomy":"product_brand","embeddable":true,"href":"https:\/\/shop.hegner.swiss\/fr\/wp-json\/wp\/v2\/product_brand?post=2381"},{"taxonomy":"product_cat","embeddable":true,"href":"https:\/\/shop.hegner.swiss\/fr\/wp-json\/wp\/v2\/product_cat?post=2381"},{"taxonomy":"product_tag","embeddable":true,"href":"https:\/\/shop.hegner.swiss\/fr\/wp-json\/wp\/v2\/product_tag?post=2381"}],"curies":[{"name":"wp","href":"https:\/\/api.w.org\/{rel}","templated":true}]}}