{"id":2385,"date":"2024-07-11T13:56:56","date_gmt":"2024-07-11T13:56:56","guid":{"rendered":"https:\/\/shop.hegner.swiss\/product\/set-tuyau-flex-pour-aspiration\/"},"modified":"2024-10-23T09:28:21","modified_gmt":"2024-10-23T07:28:21","slug":"set-tuyau-flex-pour-aspiration","status":"publish","type":"product","link":"https:\/\/shop.hegner.swiss\/fr\/produkt\/set-tuyau-flex-pour-aspiration\/","title":{"rendered":"Set Tuyau FLEX pour aspiration"},"content":{"rendered":"<h3>Set Tuyau FLEX pour aspiration pour Hegner Multicut 1<\/h3>\n<ul>\n<li>pour le r\u00e9\u00e9quipement des Multicut 1 de la g\u00e9n\u00e9ration pr\u00e9c\u00e9dente<\/li>\n<li>Pi\u00e8ces N\u00b0 38, 514, 600, 601, 602, 603<\/li>\n<\/ul>\n","protected":false},"excerpt":{"rendered":"<p>pour Multicut 1<\/p>\n","protected":false},"featured_media":1958,"comment_status":"open","ping_status":"closed","template":"","meta":{"inline_featured_image":false,"_genesis_hide_title":false,"_genesis_hide_breadcrumbs":false,"_genesis_hide_singular_image":false,"_genesis_hide_footer_widgets":false,"_genesis_custom_body_class":"","_genesis_custom_post_class":"","_genesis_layout":"","ep_exclude_from_search":false},"product_brand":[],"product_cat":[189],"product_tag":[],"class_list":{"0":"post-2385","1":"product","2":"type-product","3":"status-publish","4":"has-post-thumbnail","6":"product_cat-accessoires-multicut-1","7":"product_shipping_class-paquet-chf-15-00","8":"entry","10":"first","11":"instock","12":"taxable","13":"shipping-taxable","14":"purchasable","15":"product-type-simple"},"_links":{"self":[{"href":"https:\/\/shop.hegner.swiss\/fr\/wp-json\/wp\/v2\/product\/2385","targetHints":{"allow":["GET"]}}],"collection":[{"href":"https:\/\/shop.hegner.swiss\/fr\/wp-json\/wp\/v2\/product"}],"about":[{"href":"https:\/\/shop.hegner.swiss\/fr\/wp-json\/wp\/v2\/types\/product"}],"replies":[{"embeddable":true,"href":"https:\/\/shop.hegner.swiss\/fr\/wp-json\/wp\/v2\/comments?post=2385"}],"wp:featuredmedia":[{"embeddable":true,"href":"https:\/\/shop.hegner.swiss\/fr\/wp-json\/wp\/v2\/media\/1958"}],"wp:attachment":[{"href":"https:\/\/shop.hegner.swiss\/fr\/wp-json\/wp\/v2\/media?parent=2385"}],"wp:term":[{"taxonomy":"product_brand","embeddable":true,"href":"https:\/\/shop.hegner.swiss\/fr\/wp-json\/wp\/v2\/product_brand?post=2385"},{"taxonomy":"product_cat","embeddable":true,"href":"https:\/\/shop.hegner.swiss\/fr\/wp-json\/wp\/v2\/product_cat?post=2385"},{"taxonomy":"product_tag","embeddable":true,"href":"https:\/\/shop.hegner.swiss\/fr\/wp-json\/wp\/v2\/product_tag?post=2385"}],"curies":[{"name":"wp","href":"https:\/\/api.w.org\/{rel}","templated":true}]}}