{"id":2419,"date":"2024-07-11T14:03:20","date_gmt":"2024-07-11T12:03:20","guid":{"rendered":"https:\/\/shop.hegner.swiss\/product\/kit-de-4-bandes-de-poncage-largeur-12-mm-pour-scie-a-chantourner-hegner\/"},"modified":"2024-07-26T10:24:27","modified_gmt":"2024-07-26T10:24:27","slug":"kit-de-4-bandes-de-poncage-largeur-12-mm-pour-scie-a-chantourner-hegner","status":"publish","type":"product","link":"https:\/\/shop.hegner.swiss\/fr\/produkt\/kit-de-4-bandes-de-poncage-largeur-12-mm-pour-scie-a-chantourner-hegner\/","title":{"rendered":"Kit de 4 bandes de pon\u00e7age, largeur 12 mm, pour scie \u00e0 chantourner Hegner"},"content":{"rendered":"<h3>Kit bandes de pon\u00e7age, largeur 12 mm, pour les scies \u00e0 chantourner Hegner<\/h3>\n<ul>\n<li>1 x grain 80, 1 x grain 120, 1 x grain 240, 1 x grain 320<\/li>\n<\/ul>\n<h1><strong>\u00a0<\/strong><\/h1>\n<p>&nbsp;<\/p>\n<p>&nbsp;<\/p>\n","protected":false},"excerpt":{"rendered":"<p>pour les scies \u00e0 chantourner Hegner<\/p>\n","protected":false},"featured_media":2005,"comment_status":"open","ping_status":"closed","template":"","meta":{"inline_featured_image":false,"_genesis_hide_title":false,"_genesis_hide_breadcrumbs":false,"_genesis_hide_singular_image":false,"_genesis_hide_footer_widgets":false,"_genesis_custom_body_class":"","_genesis_custom_post_class":"","_genesis_layout":"","ep_exclude_from_search":false},"product_brand":[],"product_cat":[198],"product_tag":[],"class_list":{"0":"post-2419","1":"product","2":"type-product","3":"status-publish","4":"has-post-thumbnail","6":"product_cat-divers-consommables","7":"product_shipping_class-kleinsendung-chf-7-50-fr","8":"pa_laenge-schleifpapier-ca-90-mm-fr","9":"entry","11":"first","12":"instock","13":"taxable","14":"shipping-taxable","15":"purchasable","16":"product-type-simple"},"_links":{"self":[{"href":"https:\/\/shop.hegner.swiss\/fr\/wp-json\/wp\/v2\/product\/2419","targetHints":{"allow":["GET"]}}],"collection":[{"href":"https:\/\/shop.hegner.swiss\/fr\/wp-json\/wp\/v2\/product"}],"about":[{"href":"https:\/\/shop.hegner.swiss\/fr\/wp-json\/wp\/v2\/types\/product"}],"replies":[{"embeddable":true,"href":"https:\/\/shop.hegner.swiss\/fr\/wp-json\/wp\/v2\/comments?post=2419"}],"wp:featuredmedia":[{"embeddable":true,"href":"https:\/\/shop.hegner.swiss\/fr\/wp-json\/wp\/v2\/media\/2005"}],"wp:attachment":[{"href":"https:\/\/shop.hegner.swiss\/fr\/wp-json\/wp\/v2\/media?parent=2419"}],"wp:term":[{"taxonomy":"product_brand","embeddable":true,"href":"https:\/\/shop.hegner.swiss\/fr\/wp-json\/wp\/v2\/product_brand?post=2419"},{"taxonomy":"product_cat","embeddable":true,"href":"https:\/\/shop.hegner.swiss\/fr\/wp-json\/wp\/v2\/product_cat?post=2419"},{"taxonomy":"product_tag","embeddable":true,"href":"https:\/\/shop.hegner.swiss\/fr\/wp-json\/wp\/v2\/product_tag?post=2419"}],"curies":[{"name":"wp","href":"https:\/\/api.w.org\/{rel}","templated":true}]}}