{"id":2423,"date":"2024-07-11T14:03:20","date_gmt":"2024-07-11T12:03:20","guid":{"rendered":"https:\/\/shop.hegner.swiss\/product\/carter-de-protection-pour-hsm-300-hsm-300s\/"},"modified":"2024-10-12T21:32:53","modified_gmt":"2024-10-12T19:32:53","slug":"carter-de-protection-pour-hsm-300-hsm-300s","status":"publish","type":"product","link":"https:\/\/shop.hegner.swiss\/fr\/produkt\/carter-de-protection-pour-hsm-300-hsm-300s\/","title":{"rendered":"Carter de protection pour HSM 300 \/ HSM 300S"},"content":{"rendered":"<h3><strong>Carter de protection pour ponceuse \u00e0 disque HSM 300 (fabriqu\u00e9 d\u00e8s 2011) \/ HSM 300S<\/strong><\/h3>\n<ul>\n<li>Le carter de protection permet d\u2019envelopper le plateau circulaire de telle mani\u00e8re que seule la zone utile de pon\u00e7age soit d\u00e9couverte. Ce carter de protection est particuli\u00e8rement recommand\u00e9 aux \u00e9coles et ateliers de formation professionnelle<\/li>\n<li>mat\u00e9riaux de fixation inclus<\/li>\n<\/ul>\n<p>&nbsp;<\/p>\n","protected":false},"excerpt":{"rendered":"<p>pour HSM 300S &amp; HSM 300 d\u00e8s 2012<\/p>\n","protected":false},"featured_media":2014,"comment_status":"open","ping_status":"closed","template":"","meta":{"inline_featured_image":false,"_genesis_hide_title":false,"_genesis_hide_breadcrumbs":false,"_genesis_hide_singular_image":false,"_genesis_hide_footer_widgets":false,"_genesis_custom_body_class":"","_genesis_custom_post_class":"","_genesis_layout":"","ep_exclude_from_search":false},"product_brand":[],"product_cat":[218],"product_tag":[],"class_list":{"0":"post-2423","1":"product","2":"type-product","3":"status-publish","4":"has-post-thumbnail","6":"product_cat-accessoires-hsm-300-hsm-300s-fr","7":"product_shipping_class-paquet-chf-15-00","8":"entry","10":"first","11":"instock","12":"taxable","13":"shipping-taxable","14":"purchasable","15":"product-type-simple"},"_links":{"self":[{"href":"https:\/\/shop.hegner.swiss\/fr\/wp-json\/wp\/v2\/product\/2423","targetHints":{"allow":["GET"]}}],"collection":[{"href":"https:\/\/shop.hegner.swiss\/fr\/wp-json\/wp\/v2\/product"}],"about":[{"href":"https:\/\/shop.hegner.swiss\/fr\/wp-json\/wp\/v2\/types\/product"}],"replies":[{"embeddable":true,"href":"https:\/\/shop.hegner.swiss\/fr\/wp-json\/wp\/v2\/comments?post=2423"}],"wp:featuredmedia":[{"embeddable":true,"href":"https:\/\/shop.hegner.swiss\/fr\/wp-json\/wp\/v2\/media\/2014"}],"wp:attachment":[{"href":"https:\/\/shop.hegner.swiss\/fr\/wp-json\/wp\/v2\/media?parent=2423"}],"wp:term":[{"taxonomy":"product_brand","embeddable":true,"href":"https:\/\/shop.hegner.swiss\/fr\/wp-json\/wp\/v2\/product_brand?post=2423"},{"taxonomy":"product_cat","embeddable":true,"href":"https:\/\/shop.hegner.swiss\/fr\/wp-json\/wp\/v2\/product_cat?post=2423"},{"taxonomy":"product_tag","embeddable":true,"href":"https:\/\/shop.hegner.swiss\/fr\/wp-json\/wp\/v2\/product_tag?post=2423"}],"curies":[{"name":"wp","href":"https:\/\/api.w.org\/{rel}","templated":true}]}}