{"id":2426,"date":"2024-07-11T14:03:20","date_gmt":"2024-07-11T12:03:20","guid":{"rendered":"https:\/\/shop.hegner.swiss\/product\/bati-de-machine-pour-hsm-300-hsm-300s\/"},"modified":"2024-10-26T19:33:09","modified_gmt":"2024-10-26T17:33:09","slug":"bati-de-machine-pour-hsm-300-hsm-300s","status":"publish","type":"product","link":"https:\/\/shop.hegner.swiss\/fr\/produkt\/bati-de-machine-pour-hsm-300-hsm-300s\/","title":{"rendered":"B\u00e2ti de machine pour HSM 300 et HSM 300S"},"content":{"rendered":"<h3>B\u00e2ti de machine pour ponceuses \u00e0 disque Hegner HSM 300 + HSM 300S<\/h3>\n<ul>\n<li>Dimensions (LxlxH): 560x405x720mmNiveau de travail: 960 \u2013 970 mm<\/li>\n<\/ul>\n<p>&nbsp;<\/p>\n","protected":false},"excerpt":{"rendered":"<p>pour HSM 300S &amp; HSM 300<\/p>\n","protected":false},"featured_media":2018,"comment_status":"open","ping_status":"closed","template":"","meta":{"inline_featured_image":false,"_genesis_hide_title":false,"_genesis_hide_breadcrumbs":false,"_genesis_hide_singular_image":false,"_genesis_hide_footer_widgets":false,"_genesis_custom_body_class":"","_genesis_custom_post_class":"","_genesis_layout":"","ep_exclude_from_search":false},"product_brand":[],"product_cat":[218],"product_tag":[],"class_list":{"0":"post-2426","1":"product","2":"type-product","3":"status-publish","4":"has-post-thumbnail","6":"product_cat-accessoires-hsm-300-hsm-300s-fr","7":"product_shipping_class-freihaus-fr","8":"pa_breite-405-mm-fr","9":"entry","11":"first","12":"instock","13":"taxable","14":"shipping-taxable","15":"purchasable","16":"product-type-simple"},"_links":{"self":[{"href":"https:\/\/shop.hegner.swiss\/fr\/wp-json\/wp\/v2\/product\/2426","targetHints":{"allow":["GET"]}}],"collection":[{"href":"https:\/\/shop.hegner.swiss\/fr\/wp-json\/wp\/v2\/product"}],"about":[{"href":"https:\/\/shop.hegner.swiss\/fr\/wp-json\/wp\/v2\/types\/product"}],"replies":[{"embeddable":true,"href":"https:\/\/shop.hegner.swiss\/fr\/wp-json\/wp\/v2\/comments?post=2426"}],"wp:featuredmedia":[{"embeddable":true,"href":"https:\/\/shop.hegner.swiss\/fr\/wp-json\/wp\/v2\/media\/2018"}],"wp:attachment":[{"href":"https:\/\/shop.hegner.swiss\/fr\/wp-json\/wp\/v2\/media?parent=2426"}],"wp:term":[{"taxonomy":"product_brand","embeddable":true,"href":"https:\/\/shop.hegner.swiss\/fr\/wp-json\/wp\/v2\/product_brand?post=2426"},{"taxonomy":"product_cat","embeddable":true,"href":"https:\/\/shop.hegner.swiss\/fr\/wp-json\/wp\/v2\/product_cat?post=2426"},{"taxonomy":"product_tag","embeddable":true,"href":"https:\/\/shop.hegner.swiss\/fr\/wp-json\/wp\/v2\/product_tag?post=2426"}],"curies":[{"name":"wp","href":"https:\/\/api.w.org\/{rel}","templated":true}]}}