{"id":2436,"date":"2024-07-11T14:04:37","date_gmt":"2024-07-11T12:04:37","guid":{"rendered":"https:\/\/shop.hegner.swiss\/product\/pantometre-electronique-pour-hsm-300s-hsm-200s\/"},"modified":"2024-10-26T19:22:57","modified_gmt":"2024-10-26T17:22:57","slug":"pantometre-electronique-pour-hsm-300s-hsm-200s","status":"publish","type":"product","link":"https:\/\/shop.hegner.swiss\/fr\/produkt\/pantometre-electronique-pour-hsm-300s-hsm-200s\/","title":{"rendered":"Pantom\u00e8tre \u00e9l\u00e9ctronique pour Hegner HSM 300S + HSM 200S"},"content":{"rendered":"<h3>Pantom\u00e8tre \u00e9l\u00e9ctronique pour ponceuses \u00e0 disques HSM 300S + HSM 200S<\/h3>\n<ul>\n<li>Un dispositif pour mesurer (\u00e9lectroniquement) les angles avec une pr\u00e9cision de mesure de +\/- 0.1 degr\u00e9<\/li>\n<\/ul>\n<p>&nbsp;<\/p>\n","protected":false},"excerpt":{"rendered":"<p>pour HSM 300S &amp; HSM 200S, mat\u00e9riaux de fixation incl.<\/p>\n","protected":false},"featured_media":2033,"comment_status":"open","ping_status":"closed","template":"","meta":{"inline_featured_image":false,"_genesis_hide_title":false,"_genesis_hide_breadcrumbs":false,"_genesis_hide_singular_image":false,"_genesis_hide_footer_widgets":false,"_genesis_custom_body_class":"","_genesis_custom_post_class":"","_genesis_layout":"","ep_exclude_from_search":false},"product_brand":[],"product_cat":[218,217],"product_tag":[],"class_list":{"0":"post-2436","1":"product","2":"type-product","3":"status-publish","4":"has-post-thumbnail","6":"product_cat-accessoires-hsm-300-hsm-300s-fr","7":"product_cat-accessoires-hsm200s","8":"product_shipping_class-paquet-chf-15-00","9":"pa_messbereich-180-fr","10":"entry","12":"first","13":"instock","14":"taxable","15":"shipping-taxable","16":"purchasable","17":"product-type-simple"},"_links":{"self":[{"href":"https:\/\/shop.hegner.swiss\/fr\/wp-json\/wp\/v2\/product\/2436","targetHints":{"allow":["GET"]}}],"collection":[{"href":"https:\/\/shop.hegner.swiss\/fr\/wp-json\/wp\/v2\/product"}],"about":[{"href":"https:\/\/shop.hegner.swiss\/fr\/wp-json\/wp\/v2\/types\/product"}],"replies":[{"embeddable":true,"href":"https:\/\/shop.hegner.swiss\/fr\/wp-json\/wp\/v2\/comments?post=2436"}],"wp:featuredmedia":[{"embeddable":true,"href":"https:\/\/shop.hegner.swiss\/fr\/wp-json\/wp\/v2\/media\/2033"}],"wp:attachment":[{"href":"https:\/\/shop.hegner.swiss\/fr\/wp-json\/wp\/v2\/media?parent=2436"}],"wp:term":[{"taxonomy":"product_brand","embeddable":true,"href":"https:\/\/shop.hegner.swiss\/fr\/wp-json\/wp\/v2\/product_brand?post=2436"},{"taxonomy":"product_cat","embeddable":true,"href":"https:\/\/shop.hegner.swiss\/fr\/wp-json\/wp\/v2\/product_cat?post=2436"},{"taxonomy":"product_tag","embeddable":true,"href":"https:\/\/shop.hegner.swiss\/fr\/wp-json\/wp\/v2\/product_tag?post=2436"}],"curies":[{"name":"wp","href":"https:\/\/api.w.org\/{rel}","templated":true}]}}