{"id":2444,"date":"2024-07-11T14:04:37","date_gmt":"2024-07-11T12:04:37","guid":{"rendered":"https:\/\/shop.hegner.swiss\/product\/3-pcs-disques-abrasifs-300-mm-oe-grain-100-pour-metal-etc\/"},"modified":"2024-10-03T21:27:05","modified_gmt":"2024-10-03T19:27:05","slug":"3-pcs-disques-abrasifs-300-mm-oe-grain-100-pour-metal-etc","status":"publish","type":"product","link":"https:\/\/shop.hegner.swiss\/fr\/produkt\/3-pcs-disques-abrasifs-300-mm-oe-grain-100-pour-metal-etc\/","title":{"rendered":"3 pcs disques abrasifs, 300 mm \u00d8, grain 100, pour m\u00e9tal etc."},"content":{"rendered":"<h3>3 disques abrasifs 300 mm diam\u00e8tre, grain 100, pour poncer m\u00e9tal, bois, etc.<\/h3>\n<ul>\n<li>Pour le pon\u00e7age des m\u00e9taux, du bois et des mati\u00e8res plastiques<\/li>\n<li>Diam\u00e8tre de 300 mm, fixation par Velcro<\/li>\n<li>Unit\u00e9 de vente: paquet de 3 pi\u00e8ces grain 100, 300 mm \u00d8<\/li>\n<\/ul>\n<p>&nbsp;<\/p>\n","protected":false},"excerpt":{"rendered":"<p>Paquet de 3 disques grain 100, 300 mm \u00d8<\/p>\n","protected":false},"featured_media":2045,"comment_status":"open","ping_status":"closed","template":"","meta":{"inline_featured_image":false,"_genesis_hide_title":false,"_genesis_hide_breadcrumbs":false,"_genesis_hide_singular_image":false,"_genesis_hide_footer_widgets":false,"_genesis_custom_body_class":"","_genesis_custom_post_class":"","_genesis_layout":"","ep_exclude_from_search":false},"product_brand":[],"product_cat":[214],"product_tag":[],"class_list":{"0":"post-2444","1":"product","2":"type-product","3":"status-publish","4":"has-post-thumbnail","6":"product_cat-disques-abrasifs","7":"product_shipping_class-paquet-chf-15-00","8":"pa_durchmesser-300-mm-fr","9":"entry","11":"first","12":"instock","13":"taxable","14":"shipping-taxable","15":"purchasable","16":"product-type-simple"},"_links":{"self":[{"href":"https:\/\/shop.hegner.swiss\/fr\/wp-json\/wp\/v2\/product\/2444","targetHints":{"allow":["GET"]}}],"collection":[{"href":"https:\/\/shop.hegner.swiss\/fr\/wp-json\/wp\/v2\/product"}],"about":[{"href":"https:\/\/shop.hegner.swiss\/fr\/wp-json\/wp\/v2\/types\/product"}],"replies":[{"embeddable":true,"href":"https:\/\/shop.hegner.swiss\/fr\/wp-json\/wp\/v2\/comments?post=2444"}],"wp:featuredmedia":[{"embeddable":true,"href":"https:\/\/shop.hegner.swiss\/fr\/wp-json\/wp\/v2\/media\/2045"}],"wp:attachment":[{"href":"https:\/\/shop.hegner.swiss\/fr\/wp-json\/wp\/v2\/media?parent=2444"}],"wp:term":[{"taxonomy":"product_brand","embeddable":true,"href":"https:\/\/shop.hegner.swiss\/fr\/wp-json\/wp\/v2\/product_brand?post=2444"},{"taxonomy":"product_cat","embeddable":true,"href":"https:\/\/shop.hegner.swiss\/fr\/wp-json\/wp\/v2\/product_cat?post=2444"},{"taxonomy":"product_tag","embeddable":true,"href":"https:\/\/shop.hegner.swiss\/fr\/wp-json\/wp\/v2\/product_tag?post=2444"}],"curies":[{"name":"wp","href":"https:\/\/api.w.org\/{rel}","templated":true}]}}