{"id":2460,"date":"2024-07-11T14:05:28","date_gmt":"2024-07-11T12:05:28","guid":{"rendered":"https:\/\/shop.hegner.swiss\/product\/disques-abrasifs-300-mm-oe-kit-de-5-pcs\/"},"modified":"2024-10-03T21:27:05","modified_gmt":"2024-10-03T19:27:05","slug":"disques-abrasifs-300-mm-oe-kit-de-5-pcs","status":"publish","type":"product","link":"https:\/\/shop.hegner.swiss\/fr\/produkt\/disques-abrasifs-300-mm-oe-kit-de-5-pcs\/","title":{"rendered":"Disques abrasifs, 300 mm \u00d8, kit de 5 pcs"},"content":{"rendered":"<h3>Kit de 5 disques abrasifs pour Hegner HSM 300S, HSM 300 et WSM 300<\/h3>\n<ul>\n<li>Diam\u00e8tre de 300 mm, pour le pon\u00e7age du bois et des mati\u00e8res plastiques<\/li>\n<li>Fixation par Velcro<\/li>\n<li>Unit\u00e9 de vente: 1 x grain 60, 1 x grain 80, 1 x grain 100, 1 x grain 120, 1 x grain 180<\/li>\n<\/ul>\n<p>&nbsp;<\/p>\n","protected":false},"excerpt":{"rendered":"<p>Pour bois et synth\u00e9tiques<\/p>\n","protected":false},"featured_media":2069,"comment_status":"open","ping_status":"closed","template":"","meta":{"inline_featured_image":false,"_genesis_hide_title":false,"_genesis_hide_breadcrumbs":false,"_genesis_hide_singular_image":false,"_genesis_hide_footer_widgets":false,"_genesis_custom_body_class":"","_genesis_custom_post_class":"","_genesis_layout":"","ep_exclude_from_search":false},"product_brand":[],"product_cat":[210,214],"product_tag":[],"class_list":{"0":"post-2460","1":"product","2":"type-product","3":"status-publish","4":"has-post-thumbnail","6":"product_cat-consommables-poncage","7":"product_cat-disques-abrasifs","8":"product_shipping_class-paquet-chf-15-00","9":"pa_koernung-1-x-60-1-x-80-1-x-100-1-x-120-1-x-180-fr","10":"entry","12":"first","13":"instock","14":"taxable","15":"shipping-taxable","16":"purchasable","17":"product-type-simple"},"_links":{"self":[{"href":"https:\/\/shop.hegner.swiss\/fr\/wp-json\/wp\/v2\/product\/2460","targetHints":{"allow":["GET"]}}],"collection":[{"href":"https:\/\/shop.hegner.swiss\/fr\/wp-json\/wp\/v2\/product"}],"about":[{"href":"https:\/\/shop.hegner.swiss\/fr\/wp-json\/wp\/v2\/types\/product"}],"replies":[{"embeddable":true,"href":"https:\/\/shop.hegner.swiss\/fr\/wp-json\/wp\/v2\/comments?post=2460"}],"wp:featuredmedia":[{"embeddable":true,"href":"https:\/\/shop.hegner.swiss\/fr\/wp-json\/wp\/v2\/media\/2069"}],"wp:attachment":[{"href":"https:\/\/shop.hegner.swiss\/fr\/wp-json\/wp\/v2\/media?parent=2460"}],"wp:term":[{"taxonomy":"product_brand","embeddable":true,"href":"https:\/\/shop.hegner.swiss\/fr\/wp-json\/wp\/v2\/product_brand?post=2460"},{"taxonomy":"product_cat","embeddable":true,"href":"https:\/\/shop.hegner.swiss\/fr\/wp-json\/wp\/v2\/product_cat?post=2460"},{"taxonomy":"product_tag","embeddable":true,"href":"https:\/\/shop.hegner.swiss\/fr\/wp-json\/wp\/v2\/product_tag?post=2460"}],"curies":[{"name":"wp","href":"https:\/\/api.w.org\/{rel}","templated":true}]}}