{"id":2464,"date":"2024-07-11T14:05:28","date_gmt":"2024-07-11T12:05:28","guid":{"rendered":"https:\/\/shop.hegner.swiss\/product\/5-pcs-disques-abrasifs-200-mm-oe-grain-100\/"},"modified":"2024-10-26T19:09:02","modified_gmt":"2024-10-26T17:09:02","slug":"5-pcs-disques-abrasifs-200-mm-oe-grain-100","status":"publish","type":"product","link":"https:\/\/shop.hegner.swiss\/fr\/produkt\/5-pcs-disques-abrasifs-200-mm-oe-grain-100\/","title":{"rendered":"5 pcs disques abrasifs, 200 mm \u00d8, grain 100"},"content":{"rendered":"<h3>Disques abrasifs grain 100 pour Hegner HSM 200S<\/h3>\n<ul>\n<li>Diam\u00e8tre de 200 mm, pour le pon\u00e7age du bois et des mati\u00e8res plastiques<\/li>\n<li>Fixation par Velcro<\/li>\n<li>Unit\u00e9 d&#8217;emballage: 5 disques grain 100<\/li>\n<\/ul>\n<p>&nbsp;<\/p>\n","protected":false},"excerpt":{"rendered":"<p>Paquet de 5 disques grain 100<\/p>\n","protected":false},"featured_media":2075,"comment_status":"open","ping_status":"closed","template":"","meta":{"inline_featured_image":false,"_genesis_hide_title":false,"_genesis_hide_breadcrumbs":false,"_genesis_hide_singular_image":false,"_genesis_hide_footer_widgets":false,"_genesis_custom_body_class":"","_genesis_custom_post_class":"","_genesis_layout":"","ep_exclude_from_search":false},"product_brand":[],"product_cat":[217,214],"product_tag":[],"class_list":{"0":"post-2464","1":"product","2":"type-product","3":"status-publish","4":"has-post-thumbnail","6":"product_cat-accessoires-hsm200s","7":"product_cat-disques-abrasifs","8":"product_shipping_class-paquet-chf-15-00","9":"pa_koernung-100-fr","10":"entry","12":"first","13":"instock","14":"taxable","15":"shipping-taxable","16":"purchasable","17":"product-type-simple"},"_links":{"self":[{"href":"https:\/\/shop.hegner.swiss\/fr\/wp-json\/wp\/v2\/product\/2464","targetHints":{"allow":["GET"]}}],"collection":[{"href":"https:\/\/shop.hegner.swiss\/fr\/wp-json\/wp\/v2\/product"}],"about":[{"href":"https:\/\/shop.hegner.swiss\/fr\/wp-json\/wp\/v2\/types\/product"}],"replies":[{"embeddable":true,"href":"https:\/\/shop.hegner.swiss\/fr\/wp-json\/wp\/v2\/comments?post=2464"}],"wp:featuredmedia":[{"embeddable":true,"href":"https:\/\/shop.hegner.swiss\/fr\/wp-json\/wp\/v2\/media\/2075"}],"wp:attachment":[{"href":"https:\/\/shop.hegner.swiss\/fr\/wp-json\/wp\/v2\/media?parent=2464"}],"wp:term":[{"taxonomy":"product_brand","embeddable":true,"href":"https:\/\/shop.hegner.swiss\/fr\/wp-json\/wp\/v2\/product_brand?post=2464"},{"taxonomy":"product_cat","embeddable":true,"href":"https:\/\/shop.hegner.swiss\/fr\/wp-json\/wp\/v2\/product_cat?post=2464"},{"taxonomy":"product_tag","embeddable":true,"href":"https:\/\/shop.hegner.swiss\/fr\/wp-json\/wp\/v2\/product_tag?post=2464"}],"curies":[{"name":"wp","href":"https:\/\/api.w.org\/{rel}","templated":true}]}}