{"id":2471,"date":"2024-07-11T14:06:05","date_gmt":"2024-07-11T12:06:05","guid":{"rendered":"https:\/\/shop.hegner.swiss\/product\/tbs-500-irs\/"},"modified":"2024-10-26T21:34:58","modified_gmt":"2024-10-26T19:34:58","slug":"tbs-500-irs","status":"publish","type":"product","link":"https:\/\/shop.hegner.swiss\/fr\/produkt\/tbs-500-irs\/","title":{"rendered":"Ponceuse \u00e0 bande Hegner TBS 500 IRS"},"content":{"rendered":"<h3><strong>Ponceuse \u00e0 bande Hegner TBS 500<\/strong> avec <strong>dispositif de pon\u00e7age int\u00e9rieur et ext\u00e9rieur IRS<\/strong><\/h3>\n<section class=\"av_textblock_section\">\n<div class=\"avia_textblock \">\n<p>Ponceuse \u00e0 bande pour poncer des produits en bois ou en m\u00e9tal. L\u2019unit\u00e9 de pon\u00e7age est inclinable de la position horizontale \u00e0 verticale avec toutes les possibilit\u00e9s d\u2019angle grace \u00e0 un rapporteur pr\u00e9cis. Avec la ponceuse \u00e0 bande TBS 500, Hegner \u00e9tablit un nouveau standard en termes de:<\/p>\n<ul>\n<li>s\u00e9curit\u00e9<\/li>\n<li>facilit\u00e9 d\u2018emploi<\/li>\n<li>nombre d\u2019applications<\/li>\n<\/ul>\n<h4><\/h4>\n<h4>Description technique:<\/h4>\n<ul>\n<li>L\u2019unit\u00e9 de pon\u00e7age est inclinable de la position horizontale \u00e0 verticale. Un grand rapporteur permet une inclinaison pr\u00e9cise de l\u2019angle de pon\u00e7age choisi, r\u00e9glable de 0 \u2013 90\u00b0.<\/li>\n<li>Pon\u00e7age des pi\u00e8ces de grande longueur possible.<\/li>\n<li>Le mode d\u2019entra\u00eenement par poulies ainsi que le r\u00e9glage lat\u00e9ral de la bande est prot\u00e9g\u00e9 par un carter.<\/li>\n<li>Des tambours convexes assurent un d\u00e9filement correct de la bande.<\/li>\n<li>Une fourche en fonte grise assure un r\u00e9glage parfait du contr\u00f4le de tension de la bande.<\/li>\n<li>Un puissant moteur asynchrone 230 V.<\/li>\n<li>Guid\u00e9e par 6 roulement \u00e0 bille, la table de pon\u00e7age anodis\u00e9e est r\u00e9glable en hauteur et ajustable vers la bande dans n\u2019importe quelle position de l\u2019unit\u00e9 de pon\u00e7age.<\/li>\n<li>Le dispositif de pon\u00e7age IRS (option) permet le pon\u00e7age des rayons int\u00e9rieurs ou ext\u00e9rieurs avec des manchons de diam\u00e8tre de 30, 40 et 50 mm.<\/li>\n<li>La machine est livr\u00e9e avec 3 m de c\u00e2ble et une fiche de connexion.<\/li>\n<li>Garantie 3 ans (\u00e0 l\u2019exception des pi\u00e8ces d\u2019usure)<\/li>\n<\/ul>\n<\/div>\n<\/section>\n<p>&nbsp;<\/p>\n","protected":false},"excerpt":{"rendered":"<p>Ponceuse \u00e0 bande avec dispositif de pon\u00e7age int\u00e9rieur et \u00e9xterieur<\/p>\n","protected":false},"featured_media":2085,"comment_status":"open","ping_status":"closed","template":"","meta":{"inline_featured_image":false,"_genesis_hide_title":false,"_genesis_hide_breadcrumbs":false,"_genesis_hide_singular_image":false,"_genesis_hide_footer_widgets":false,"_genesis_custom_body_class":"","_genesis_custom_post_class":"","_genesis_layout":"","ep_exclude_from_search":false},"product_brand":[],"product_cat":[209],"product_tag":[],"class_list":{"0":"post-2471","1":"product","2":"type-product","3":"status-publish","4":"has-post-thumbnail","6":"product_cat-ponceuses-a-bande","7":"product_shipping_class-paquet-chf-15-00","8":"pa_schleifbandlaenge-1600-mm-fr","9":"entry","11":"first","12":"instock","13":"taxable","14":"shipping-taxable","15":"purchasable","16":"product-type-simple"},"_links":{"self":[{"href":"https:\/\/shop.hegner.swiss\/fr\/wp-json\/wp\/v2\/product\/2471","targetHints":{"allow":["GET"]}}],"collection":[{"href":"https:\/\/shop.hegner.swiss\/fr\/wp-json\/wp\/v2\/product"}],"about":[{"href":"https:\/\/shop.hegner.swiss\/fr\/wp-json\/wp\/v2\/types\/product"}],"replies":[{"embeddable":true,"href":"https:\/\/shop.hegner.swiss\/fr\/wp-json\/wp\/v2\/comments?post=2471"}],"wp:featuredmedia":[{"embeddable":true,"href":"https:\/\/shop.hegner.swiss\/fr\/wp-json\/wp\/v2\/media\/2085"}],"wp:attachment":[{"href":"https:\/\/shop.hegner.swiss\/fr\/wp-json\/wp\/v2\/media?parent=2471"}],"wp:term":[{"taxonomy":"product_brand","embeddable":true,"href":"https:\/\/shop.hegner.swiss\/fr\/wp-json\/wp\/v2\/product_brand?post=2471"},{"taxonomy":"product_cat","embeddable":true,"href":"https:\/\/shop.hegner.swiss\/fr\/wp-json\/wp\/v2\/product_cat?post=2471"},{"taxonomy":"product_tag","embeddable":true,"href":"https:\/\/shop.hegner.swiss\/fr\/wp-json\/wp\/v2\/product_tag?post=2471"}],"curies":[{"name":"wp","href":"https:\/\/api.w.org\/{rel}","templated":true}]}}