{"id":2477,"date":"2024-07-11T14:06:05","date_gmt":"2024-07-11T12:06:05","guid":{"rendered":"https:\/\/shop.hegner.swiss\/product\/bati-de-machine-pour-tbs-500\/"},"modified":"2024-10-26T21:07:43","modified_gmt":"2024-10-26T19:07:43","slug":"bati-de-machine-pour-tbs-500","status":"publish","type":"product","link":"https:\/\/shop.hegner.swiss\/fr\/produkt\/bati-de-machine-pour-tbs-500\/","title":{"rendered":"B\u00e2ti de machine pour Hegner TBS 500"},"content":{"rendered":"<h3>B\u00e2ti de machine pour ponceuses \u00e0 bande Hegner TBS 500 \/ TBS 500 IRS<\/h3>\n<ul>\n<li>Longueur: 560 mm<\/li>\n<li>Largeur: 405 mm<\/li>\n<li>Hauteur: 610 mm<\/li>\n<\/ul>\n<p>&nbsp;<\/p>\n","protected":false},"excerpt":{"rendered":"<p>560 x 405 x 610 mm (L x l x h)<\/p>\n","protected":false},"featured_media":2094,"comment_status":"open","ping_status":"closed","template":"","meta":{"inline_featured_image":false,"_genesis_hide_title":false,"_genesis_hide_breadcrumbs":false,"_genesis_hide_singular_image":false,"_genesis_hide_footer_widgets":false,"_genesis_custom_body_class":"","_genesis_custom_post_class":"","_genesis_layout":"","ep_exclude_from_search":false},"product_brand":[],"product_cat":[219],"product_tag":[],"class_list":{"0":"post-2477","1":"product","2":"type-product","3":"status-publish","4":"has-post-thumbnail","6":"product_cat-accessoires-tbs-500-tbs-500-irs","7":"product_shipping_class-freihaus-fr","8":"pa_breite-405-mm-fr","9":"entry","11":"first","12":"instock","13":"taxable","14":"shipping-taxable","15":"purchasable","16":"product-type-simple"},"_links":{"self":[{"href":"https:\/\/shop.hegner.swiss\/fr\/wp-json\/wp\/v2\/product\/2477","targetHints":{"allow":["GET"]}}],"collection":[{"href":"https:\/\/shop.hegner.swiss\/fr\/wp-json\/wp\/v2\/product"}],"about":[{"href":"https:\/\/shop.hegner.swiss\/fr\/wp-json\/wp\/v2\/types\/product"}],"replies":[{"embeddable":true,"href":"https:\/\/shop.hegner.swiss\/fr\/wp-json\/wp\/v2\/comments?post=2477"}],"wp:featuredmedia":[{"embeddable":true,"href":"https:\/\/shop.hegner.swiss\/fr\/wp-json\/wp\/v2\/media\/2094"}],"wp:attachment":[{"href":"https:\/\/shop.hegner.swiss\/fr\/wp-json\/wp\/v2\/media?parent=2477"}],"wp:term":[{"taxonomy":"product_brand","embeddable":true,"href":"https:\/\/shop.hegner.swiss\/fr\/wp-json\/wp\/v2\/product_brand?post=2477"},{"taxonomy":"product_cat","embeddable":true,"href":"https:\/\/shop.hegner.swiss\/fr\/wp-json\/wp\/v2\/product_cat?post=2477"},{"taxonomy":"product_tag","embeddable":true,"href":"https:\/\/shop.hegner.swiss\/fr\/wp-json\/wp\/v2\/product_tag?post=2477"}],"curies":[{"name":"wp","href":"https:\/\/api.w.org\/{rel}","templated":true}]}}