{"id":2519,"date":"2024-07-11T14:07:20","date_gmt":"2024-07-11T12:07:20","guid":{"rendered":"https:\/\/shop.hegner.swiss\/product\/manchons-abrasifs-pour-irs-kit-de-3-pcs-grain-100\/"},"modified":"2024-10-27T16:53:10","modified_gmt":"2024-10-27T14:53:10","slug":"manchons-abrasifs-pour-irs-kit-de-3-pcs-grain-100","status":"publish","type":"product","link":"https:\/\/shop.hegner.swiss\/fr\/produkt\/manchons-abrasifs-pour-irs-kit-de-3-pcs-grain-100\/","title":{"rendered":"Manchons abrasifs pour Hegner IRS, kit de 3 pcs, grain 100"},"content":{"rendered":"<h3>Manchons abrasifs pour Hegner dispositif de pon\u00e7age int\u00e9rieur et ext\u00e9rieur (IRS)<\/h3>\n<ul>\n<li>Paquet de 3 manchons abrasifs. Longueur 100 mm, grain 100, 1 x \u00d8 50 mm, 1 x \u00d8 40 mm, 1 x \u00d8 30 mm<\/li>\n<\/ul>\n<p>&nbsp;<\/p>\n","protected":false},"excerpt":{"rendered":"<p>Paquet de 3 manchons grain 100, 1 x 30 mm \u00d8, 1 x 40 mm \u00d8, 1 x 50 mm \u00d8<\/p>\n","protected":false},"featured_media":2154,"comment_status":"closed","ping_status":"closed","template":"","meta":{"inline_featured_image":false,"_genesis_hide_title":false,"_genesis_hide_breadcrumbs":false,"_genesis_hide_singular_image":false,"_genesis_hide_footer_widgets":false,"_genesis_custom_body_class":"","_genesis_custom_post_class":"","_genesis_layout":"","ep_exclude_from_search":false},"product_brand":[],"product_cat":[213],"product_tag":[],"class_list":{"0":"post-2519","1":"product","2":"type-product","3":"status-publish","4":"has-post-thumbnail","6":"product_cat-manchons-abrasifs-irs-tbs","7":"product_shipping_class-paquet-chf-15-00","8":"pa_durchmesser-1-x-30-mm-1-x-40-mm-1-x-50-mm-fr","9":"entry","11":"first","12":"instock","13":"taxable","14":"shipping-taxable","15":"purchasable","16":"product-type-simple"},"_links":{"self":[{"href":"https:\/\/shop.hegner.swiss\/fr\/wp-json\/wp\/v2\/product\/2519","targetHints":{"allow":["GET"]}}],"collection":[{"href":"https:\/\/shop.hegner.swiss\/fr\/wp-json\/wp\/v2\/product"}],"about":[{"href":"https:\/\/shop.hegner.swiss\/fr\/wp-json\/wp\/v2\/types\/product"}],"replies":[{"embeddable":true,"href":"https:\/\/shop.hegner.swiss\/fr\/wp-json\/wp\/v2\/comments?post=2519"}],"wp:featuredmedia":[{"embeddable":true,"href":"https:\/\/shop.hegner.swiss\/fr\/wp-json\/wp\/v2\/media\/2154"}],"wp:attachment":[{"href":"https:\/\/shop.hegner.swiss\/fr\/wp-json\/wp\/v2\/media?parent=2519"}],"wp:term":[{"taxonomy":"product_brand","embeddable":true,"href":"https:\/\/shop.hegner.swiss\/fr\/wp-json\/wp\/v2\/product_brand?post=2519"},{"taxonomy":"product_cat","embeddable":true,"href":"https:\/\/shop.hegner.swiss\/fr\/wp-json\/wp\/v2\/product_cat?post=2519"},{"taxonomy":"product_tag","embeddable":true,"href":"https:\/\/shop.hegner.swiss\/fr\/wp-json\/wp\/v2\/product_tag?post=2519"}],"curies":[{"name":"wp","href":"https:\/\/api.w.org\/{rel}","templated":true}]}}