{"id":2525,"date":"2024-07-11T14:07:20","date_gmt":"2024-07-11T12:07:20","guid":{"rendered":"https:\/\/shop.hegner.swiss\/product\/aide-de-poncage-pour-tws-230\/"},"modified":"2024-10-12T20:52:02","modified_gmt":"2024-10-12T18:52:02","slug":"aide-de-poncage-pour-tws-230","status":"publish","type":"product","link":"https:\/\/shop.hegner.swiss\/fr\/produkt\/aide-de-poncage-pour-tws-230\/","title":{"rendered":"Aide de pon\u00e7age pour Hegner TWS 230"},"content":{"rendered":"<h3><strong>Aide de pon\u00e7age pour la table de pon\u00e7age Hegner TWS 230<\/strong><\/h3>\n<section class=\"av_textblock_section\">\n<ul>\n<li class=\"avia_textblock \">Aide de pon\u00e7age pour poncer les pi\u00e8ces tr\u00e8s fines sur la table de pon\u00e7age<\/li>\n<li class=\"avia_textblock \">Dimension: 160 x 160 mm env.<\/li>\n<\/ul>\n<\/section>\n<p>&nbsp;<\/p>\n<p>&nbsp;<\/p>\n","protected":false},"excerpt":{"rendered":"<p>Pour poncer les pi\u00e8ces tr\u00e8s fines en toute s\u00e9curit\u00e9<\/p>\n","protected":false},"featured_media":2163,"comment_status":"open","ping_status":"closed","template":"","meta":{"inline_featured_image":false,"_genesis_hide_title":false,"_genesis_hide_breadcrumbs":false,"_genesis_hide_singular_image":false,"_genesis_hide_footer_widgets":false,"_genesis_custom_body_class":"","_genesis_custom_post_class":"","_genesis_layout":"","ep_exclude_from_search":false},"product_brand":[],"product_cat":[220],"product_tag":[],"class_list":{"0":"post-2525","1":"product","2":"type-product","3":"status-publish","4":"has-post-thumbnail","6":"product_cat-accessoires-tws-230","7":"product_shipping_class-paquet-chf-15-00","8":"pa_breite-160-mm-fr","9":"entry","11":"first","12":"instock","13":"taxable","14":"shipping-taxable","15":"purchasable","16":"product-type-simple"},"_links":{"self":[{"href":"https:\/\/shop.hegner.swiss\/fr\/wp-json\/wp\/v2\/product\/2525","targetHints":{"allow":["GET"]}}],"collection":[{"href":"https:\/\/shop.hegner.swiss\/fr\/wp-json\/wp\/v2\/product"}],"about":[{"href":"https:\/\/shop.hegner.swiss\/fr\/wp-json\/wp\/v2\/types\/product"}],"replies":[{"embeddable":true,"href":"https:\/\/shop.hegner.swiss\/fr\/wp-json\/wp\/v2\/comments?post=2525"}],"wp:featuredmedia":[{"embeddable":true,"href":"https:\/\/shop.hegner.swiss\/fr\/wp-json\/wp\/v2\/media\/2163"}],"wp:attachment":[{"href":"https:\/\/shop.hegner.swiss\/fr\/wp-json\/wp\/v2\/media?parent=2525"}],"wp:term":[{"taxonomy":"product_brand","embeddable":true,"href":"https:\/\/shop.hegner.swiss\/fr\/wp-json\/wp\/v2\/product_brand?post=2525"},{"taxonomy":"product_cat","embeddable":true,"href":"https:\/\/shop.hegner.swiss\/fr\/wp-json\/wp\/v2\/product_cat?post=2525"},{"taxonomy":"product_tag","embeddable":true,"href":"https:\/\/shop.hegner.swiss\/fr\/wp-json\/wp\/v2\/product_tag?post=2525"}],"curies":[{"name":"wp","href":"https:\/\/api.w.org\/{rel}","templated":true}]}}