{"id":2546,"date":"2024-07-11T14:07:59","date_gmt":"2024-07-11T12:07:59","guid":{"rendered":"https:\/\/shop.hegner.swiss\/product\/mandrin-a-bonde-20-mm-oe\/"},"modified":"2024-10-26T19:01:51","modified_gmt":"2024-10-26T17:01:51","slug":"mandrin-a-bonde-20-mm-oe","status":"publish","type":"product","link":"https:\/\/shop.hegner.swiss\/fr\/produkt\/mandrin-a-bonde-20-mm-oe\/","title":{"rendered":"Hegner Mandrin \u00e0 bonde, 20 mm \u00d8"},"content":{"rendered":"<h3>Mandrin \u00e0 bonde pour les tours \u00e0 bois Hegner<\/h3>\n<ul>\n<li>Diam\u00e8tre de 20 mm<\/li>\n<\/ul>\n<h1><strong>\u00a0<\/strong><\/h1>\n<p>&nbsp;<\/p>\n<p>&nbsp;<\/p>\n","protected":false},"excerpt":{"rendered":"<p>En acier<\/p>\n","protected":false},"featured_media":2194,"comment_status":"open","ping_status":"closed","template":"","meta":{"inline_featured_image":false,"_genesis_hide_title":false,"_genesis_hide_breadcrumbs":false,"_genesis_hide_singular_image":false,"_genesis_hide_footer_widgets":false,"_genesis_custom_body_class":"","_genesis_custom_post_class":"","_genesis_layout":"","ep_exclude_from_search":false},"product_brand":[],"product_cat":[206],"product_tag":[],"class_list":{"0":"post-2546","1":"product","2":"type-product","3":"status-publish","4":"has-post-thumbnail","6":"product_cat-accessoires-tours-a-bois","7":"product_shipping_class-paquet-chf-15-00","8":"entry","10":"first","11":"instock","12":"taxable","13":"shipping-taxable","14":"purchasable","15":"product-type-simple"},"_links":{"self":[{"href":"https:\/\/shop.hegner.swiss\/fr\/wp-json\/wp\/v2\/product\/2546","targetHints":{"allow":["GET"]}}],"collection":[{"href":"https:\/\/shop.hegner.swiss\/fr\/wp-json\/wp\/v2\/product"}],"about":[{"href":"https:\/\/shop.hegner.swiss\/fr\/wp-json\/wp\/v2\/types\/product"}],"replies":[{"embeddable":true,"href":"https:\/\/shop.hegner.swiss\/fr\/wp-json\/wp\/v2\/comments?post=2546"}],"wp:featuredmedia":[{"embeddable":true,"href":"https:\/\/shop.hegner.swiss\/fr\/wp-json\/wp\/v2\/media\/2194"}],"wp:attachment":[{"href":"https:\/\/shop.hegner.swiss\/fr\/wp-json\/wp\/v2\/media?parent=2546"}],"wp:term":[{"taxonomy":"product_brand","embeddable":true,"href":"https:\/\/shop.hegner.swiss\/fr\/wp-json\/wp\/v2\/product_brand?post=2546"},{"taxonomy":"product_cat","embeddable":true,"href":"https:\/\/shop.hegner.swiss\/fr\/wp-json\/wp\/v2\/product_cat?post=2546"},{"taxonomy":"product_tag","embeddable":true,"href":"https:\/\/shop.hegner.swiss\/fr\/wp-json\/wp\/v2\/product_tag?post=2546"}],"curies":[{"name":"wp","href":"https:\/\/api.w.org\/{rel}","templated":true}]}}