{"id":2578,"date":"2024-07-11T14:09:05","date_gmt":"2024-07-11T12:09:05","guid":{"rendered":"https:\/\/shop.hegner.swiss\/product\/multicut-2s\/"},"modified":"2025-04-17T11:20:35","modified_gmt":"2025-04-17T09:20:35","slug":"multicut-2s-2","status":"publish","type":"product","link":"https:\/\/shop.hegner.swiss\/fr\/produkt\/multicut-2s-2\/","title":{"rendered":"Hegner scie \u00e0 chantourner Multicut 2S"},"content":{"rendered":"<h3>Machine standard avec table de travail \u00e0 grande port\u00e9e; syst\u00e8me de tension rapide inclus<\/h3>\n<ul>\n<li>Construction en fonte grise<\/li>\n<li>Moteur asynchrone con\u00e7u pour travail en continu<\/li>\n<li>Vitesse: 1400 tours\/min<\/li>\n<li>Table en alliage aluminium rectifi\u00e9<\/li>\n<li>Syst\u00e8me de fixation des lames HEGNER<\/li>\n<li>Utilisation de lames standard<\/li>\n<li>Tension des lames r\u00e9glable<\/li>\n<li>Prise centrale de 35 mm de diam\u00e8tre pour aspiration sup\u00e9rieure et inf\u00e9rieure<\/li>\n<\/ul>\n","protected":false},"excerpt":{"rendered":"<p>Standard, 1400 tours\/min<\/p>\n","protected":false},"featured_media":2248,"comment_status":"open","ping_status":"closed","template":"","meta":{"inline_featured_image":false,"_genesis_hide_title":false,"_genesis_hide_breadcrumbs":false,"_genesis_hide_singular_image":false,"_genesis_hide_footer_widgets":false,"_genesis_custom_body_class":"","_genesis_custom_post_class":"","_genesis_layout":"","ep_exclude_from_search":false},"product_brand":[],"product_cat":[193],"product_tag":[],"class_list":{"0":"post-2578","1":"product","2":"type-product","3":"status-publish","4":"has-post-thumbnail","6":"product_cat-multicut-2s-fr","7":"product_shipping_class-freihaus-fr","8":"pa_durchgangshoehe-65-mm-fr","9":"entry","11":"first","12":"instock","13":"taxable","14":"shipping-taxable","15":"purchasable","16":"product-type-simple"},"_links":{"self":[{"href":"https:\/\/shop.hegner.swiss\/fr\/wp-json\/wp\/v2\/product\/2578","targetHints":{"allow":["GET"]}}],"collection":[{"href":"https:\/\/shop.hegner.swiss\/fr\/wp-json\/wp\/v2\/product"}],"about":[{"href":"https:\/\/shop.hegner.swiss\/fr\/wp-json\/wp\/v2\/types\/product"}],"replies":[{"embeddable":true,"href":"https:\/\/shop.hegner.swiss\/fr\/wp-json\/wp\/v2\/comments?post=2578"}],"wp:featuredmedia":[{"embeddable":true,"href":"https:\/\/shop.hegner.swiss\/fr\/wp-json\/wp\/v2\/media\/2248"}],"wp:attachment":[{"href":"https:\/\/shop.hegner.swiss\/fr\/wp-json\/wp\/v2\/media?parent=2578"}],"wp:term":[{"taxonomy":"product_brand","embeddable":true,"href":"https:\/\/shop.hegner.swiss\/fr\/wp-json\/wp\/v2\/product_brand?post=2578"},{"taxonomy":"product_cat","embeddable":true,"href":"https:\/\/shop.hegner.swiss\/fr\/wp-json\/wp\/v2\/product_cat?post=2578"},{"taxonomy":"product_tag","embeddable":true,"href":"https:\/\/shop.hegner.swiss\/fr\/wp-json\/wp\/v2\/product_tag?post=2578"}],"curies":[{"name":"wp","href":"https:\/\/api.w.org\/{rel}","templated":true}]}}