{"id":2585,"date":"2024-07-11T14:22:17","date_gmt":"2024-07-11T12:22:17","guid":{"rendered":"https:\/\/shop.hegner.swiss\/product\/polycut-3-avec-commande-a-pied\/"},"modified":"2025-04-17T15:42:20","modified_gmt":"2025-04-17T13:42:20","slug":"polycut-3-avec-commande-a-pied","status":"publish","type":"product","link":"https:\/\/shop.hegner.swiss\/fr\/produkt\/polycut-3-avec-commande-a-pied\/","title":{"rendered":"Hegner Polycut 3 avec commande \u00e0 pied"},"content":{"rendered":"<h3>La plus performante pour un travail industriel ou artisanal. Un grand rendement de coupe de plus de 30%. Commande \u00e0 pied mont\u00e9<\/h3>\n<ul>\n<li>Commande \u00e0 pied (assembl\u00e9e en usine)<\/li>\n<li>Construction en fonte grise<\/li>\n<li>Moteur asynchrone con\u00e7u pour travail en continu<\/li>\n<li>Table en fonte acier rectifi\u00e9<\/li>\n<li>Syst\u00e8me de fixation des lames HEGNER<\/li>\n<li>Utilisation de lames standard de 130 mm<\/li>\n<li>Tension des lames r\u00e9glable<\/li>\n<li>Prise centrale de 35 mm de diam\u00e8tre pour aspiration sup\u00e9rieure et inf\u00e9rieure<\/li>\n<li>Poulie; vitesses: 700, 1100, 1270, 1600 tours\/min<\/li>\n<\/ul>\n","protected":false},"excerpt":{"rendered":"<p>Mise en marche\/arr\u00eat au pied de la machine<\/p>\n","protected":false},"featured_media":2261,"comment_status":"open","ping_status":"closed","template":"","meta":{"inline_featured_image":false,"_genesis_hide_title":false,"_genesis_hide_breadcrumbs":false,"_genesis_hide_singular_image":false,"_genesis_hide_footer_widgets":false,"_genesis_custom_body_class":"","_genesis_custom_post_class":"","_genesis_layout":"","ep_exclude_from_search":false},"product_brand":[],"product_cat":[196],"product_tag":[],"class_list":{"0":"post-2585","1":"product","2":"type-product","3":"status-publish","4":"has-post-thumbnail","6":"product_cat-polycut-fr","7":"product_shipping_class-freihaus-fr","8":"pa_durchgangshoehe-50-mm-fr","9":"entry","11":"first","12":"instock","13":"taxable","14":"shipping-taxable","15":"purchasable","16":"product-type-simple"},"_links":{"self":[{"href":"https:\/\/shop.hegner.swiss\/fr\/wp-json\/wp\/v2\/product\/2585","targetHints":{"allow":["GET"]}}],"collection":[{"href":"https:\/\/shop.hegner.swiss\/fr\/wp-json\/wp\/v2\/product"}],"about":[{"href":"https:\/\/shop.hegner.swiss\/fr\/wp-json\/wp\/v2\/types\/product"}],"replies":[{"embeddable":true,"href":"https:\/\/shop.hegner.swiss\/fr\/wp-json\/wp\/v2\/comments?post=2585"}],"wp:featuredmedia":[{"embeddable":true,"href":"https:\/\/shop.hegner.swiss\/fr\/wp-json\/wp\/v2\/media\/2261"}],"wp:attachment":[{"href":"https:\/\/shop.hegner.swiss\/fr\/wp-json\/wp\/v2\/media?parent=2585"}],"wp:term":[{"taxonomy":"product_brand","embeddable":true,"href":"https:\/\/shop.hegner.swiss\/fr\/wp-json\/wp\/v2\/product_brand?post=2585"},{"taxonomy":"product_cat","embeddable":true,"href":"https:\/\/shop.hegner.swiss\/fr\/wp-json\/wp\/v2\/product_cat?post=2585"},{"taxonomy":"product_tag","embeddable":true,"href":"https:\/\/shop.hegner.swiss\/fr\/wp-json\/wp\/v2\/product_tag?post=2585"}],"curies":[{"name":"wp","href":"https:\/\/api.w.org\/{rel}","templated":true}]}}