{"id":2587,"date":"2024-07-11T14:23:12","date_gmt":"2024-07-11T12:23:12","guid":{"rendered":"https:\/\/shop.hegner.swiss\/product\/hsm-300s-2\/"},"modified":"2024-10-12T19:32:22","modified_gmt":"2024-10-12T17:32:22","slug":"hsm-300s-2","status":"publish","type":"product","link":"https:\/\/shop.hegner.swiss\/fr\/produkt\/hsm-300s-2\/","title":{"rendered":"Hegner Ponceuse \u00e0 disque HSM 300S"},"content":{"rendered":"<h3><strong>Hegner Ponceuse \u00e0 disque HSM 300S<\/strong><\/h3>\n<section class=\"av_textblock_section\">\n<div class=\"avia_textblock \">\n<h4>Ce qui devrait d\u00e9finitivement vous s\u00e9duire dans la ponceuse \u00e0 disque HEGNER HSM 300S:<\/h4>\n<ul>\n<li>Poncer plus facilement et plus pr\u00e9cisement que jamais avec le disque inclinable de la ponceuse HSM 300S<\/li>\n<li>Profitez des avantages offerts par le disque pivotant. D\u00e9placez le disque dans la position d\u2019\u00e9querre d\u00e9sir\u00e9e en quelques gestes<\/li>\n<li>La table de travail reste toujours horizontale. De cette mani\u00e8re, l\u2019op\u00e9rateur peut toujours adopter une position du corps saine et qui m\u00e9nage le dos<\/li>\n<li>La pon\u00e7age des pi\u00e8ces de grande taille et longueur est sans peine et pr\u00e9cise. Les fonctions puissantes permettent un travail sans poussi\u00e8re et productif. Les accessoires optionnels de HEGNER garantissent des r\u00e9sultats de qualit\u00e9<\/li>\n<\/ul>\n<\/div>\n<\/section>\n<p>&nbsp;<\/p>\n<p>&nbsp;<\/p>\n<p>&nbsp;<\/p>\n","protected":false},"excerpt":{"rendered":"<p>Ponceuse \u00e0 disque avec disque inclinable, \u00d8 300 mm, 0,75 kW<\/p>\n","protected":false},"featured_media":2270,"comment_status":"closed","ping_status":"closed","template":"","meta":{"inline_featured_image":false,"_genesis_hide_title":false,"_genesis_hide_breadcrumbs":false,"_genesis_hide_singular_image":false,"_genesis_hide_footer_widgets":false,"_genesis_custom_body_class":"","_genesis_custom_post_class":"","_genesis_layout":"","ep_exclude_from_search":false},"product_brand":[],"product_cat":[208],"product_tag":[],"class_list":{"0":"post-2587","1":"product","2":"type-product","3":"status-publish","4":"has-post-thumbnail","6":"product_cat-ponceuses-a-disque","7":"product_shipping_class-freihaus-fr","8":"pa_schleifscheibendurchmesser-300-mm-fr","9":"entry","11":"first","12":"instock","13":"taxable","14":"shipping-taxable","15":"purchasable","16":"product-type-simple"},"_links":{"self":[{"href":"https:\/\/shop.hegner.swiss\/fr\/wp-json\/wp\/v2\/product\/2587","targetHints":{"allow":["GET"]}}],"collection":[{"href":"https:\/\/shop.hegner.swiss\/fr\/wp-json\/wp\/v2\/product"}],"about":[{"href":"https:\/\/shop.hegner.swiss\/fr\/wp-json\/wp\/v2\/types\/product"}],"replies":[{"embeddable":true,"href":"https:\/\/shop.hegner.swiss\/fr\/wp-json\/wp\/v2\/comments?post=2587"}],"wp:featuredmedia":[{"embeddable":true,"href":"https:\/\/shop.hegner.swiss\/fr\/wp-json\/wp\/v2\/media\/2270"}],"wp:attachment":[{"href":"https:\/\/shop.hegner.swiss\/fr\/wp-json\/wp\/v2\/media?parent=2587"}],"wp:term":[{"taxonomy":"product_brand","embeddable":true,"href":"https:\/\/shop.hegner.swiss\/fr\/wp-json\/wp\/v2\/product_brand?post=2587"},{"taxonomy":"product_cat","embeddable":true,"href":"https:\/\/shop.hegner.swiss\/fr\/wp-json\/wp\/v2\/product_cat?post=2587"},{"taxonomy":"product_tag","embeddable":true,"href":"https:\/\/shop.hegner.swiss\/fr\/wp-json\/wp\/v2\/product_tag?post=2587"}],"curies":[{"name":"wp","href":"https:\/\/api.w.org\/{rel}","templated":true}]}}