{"id":2590,"date":"2024-07-11T14:24:01","date_gmt":"2024-07-11T12:24:01","guid":{"rendered":"https:\/\/shop.hegner.swiss\/product\/aspirateur-asa-30-l-pc-inox\/"},"modified":"2025-04-17T10:23:23","modified_gmt":"2025-04-17T08:23:23","slug":"aspirateur-asa-30-l-pc-inox","status":"publish","type":"product","link":"https:\/\/shop.hegner.swiss\/fr\/produkt\/aspirateur-asa-30-l-pc-inox\/","title":{"rendered":"Aspirateur Metabo ASA 30 L PC\/Inox"},"content":{"rendered":"<h3>Aspirateur Metabo ASA 30 L PC\/Inox<\/h3>\n<ul>\n<li>Aspirateur \u00e0 eau et \u00e0 poussi\u00e8re, certifi\u00e9 pour un usage professionnel<\/li>\n<li>Inclus dans la livraison: manchon d\u2019aspiration 3,5 m, 2 tuyaux de rallonge, douille pour le sol, douille pour les joints et pour les meubles rembourr\u00e9s, embout 36 mm, sac en feutre classe de filtration M<\/li>\n<li>Protection \u00e9lev\u00e9e de l&#8217;utilisateur: certifi\u00e9 selon la norme UE pour les poussi\u00e8res de classe L<\/li>\n<li>Prise d&#8217;asservissement pour outil \u00e9lectroportatif avec d\u00e9clenchement automatique de l&#8217;aspirateur<\/li>\n<\/ul>\n<p>&nbsp;<\/p>\n","protected":false},"excerpt":{"rendered":"<p>Avec mise en marche automatique<\/p>\n","protected":false},"featured_media":2720,"comment_status":"open","ping_status":"closed","template":"","meta":{"inline_featured_image":false,"_genesis_hide_title":false,"_genesis_hide_breadcrumbs":false,"_genesis_hide_singular_image":false,"_genesis_hide_footer_widgets":false,"_genesis_custom_body_class":"","_genesis_custom_post_class":"","_genesis_layout":"","ep_exclude_from_search":false},"product_brand":[],"product_cat":[203,205],"product_tag":[],"class_list":{"0":"post-2590","1":"product","2":"type-product","3":"status-publish","4":"has-post-thumbnail","6":"product_cat-extraction-de-poussiere","7":"product_cat-metabo-asa30-l-pc-inox-fr","8":"product_shipping_class-freihaus-fr","9":"pa_gewicht-96-kg-fr","10":"entry","12":"first","13":"instock","14":"taxable","15":"shipping-taxable","16":"purchasable","17":"product-type-simple"},"_links":{"self":[{"href":"https:\/\/shop.hegner.swiss\/fr\/wp-json\/wp\/v2\/product\/2590","targetHints":{"allow":["GET"]}}],"collection":[{"href":"https:\/\/shop.hegner.swiss\/fr\/wp-json\/wp\/v2\/product"}],"about":[{"href":"https:\/\/shop.hegner.swiss\/fr\/wp-json\/wp\/v2\/types\/product"}],"replies":[{"embeddable":true,"href":"https:\/\/shop.hegner.swiss\/fr\/wp-json\/wp\/v2\/comments?post=2590"}],"wp:featuredmedia":[{"embeddable":true,"href":"https:\/\/shop.hegner.swiss\/fr\/wp-json\/wp\/v2\/media\/2720"}],"wp:attachment":[{"href":"https:\/\/shop.hegner.swiss\/fr\/wp-json\/wp\/v2\/media?parent=2590"}],"wp:term":[{"taxonomy":"product_brand","embeddable":true,"href":"https:\/\/shop.hegner.swiss\/fr\/wp-json\/wp\/v2\/product_brand?post=2590"},{"taxonomy":"product_cat","embeddable":true,"href":"https:\/\/shop.hegner.swiss\/fr\/wp-json\/wp\/v2\/product_cat?post=2590"},{"taxonomy":"product_tag","embeddable":true,"href":"https:\/\/shop.hegner.swiss\/fr\/wp-json\/wp\/v2\/product_tag?post=2590"}],"curies":[{"name":"wp","href":"https:\/\/api.w.org\/{rel}","templated":true}]}}