{"id":2600,"date":"2024-07-11T14:24:11","date_gmt":"2024-07-11T12:24:11","guid":{"rendered":"https:\/\/shop.hegner.swiss\/product\/4-bandes-de-poncage-largeur-6-mm-grain-240-pour-scie-a-chantourner-hegner\/"},"modified":"2024-10-03T21:27:01","modified_gmt":"2024-10-03T19:27:01","slug":"4-bandes-de-poncage-largeur-6-mm-grain-240-pour-scie-a-chantourner-hegner","status":"publish","type":"product","link":"https:\/\/shop.hegner.swiss\/fr\/produkt\/4-bandes-de-poncage-largeur-6-mm-grain-240-pour-scie-a-chantourner-hegner\/","title":{"rendered":"4 bandes de pon\u00e7age, largeur 6 mm, grain 240, pour scie \u00e0 chantourner Hegner"},"content":{"rendered":"<h3>Bandes de pon\u00e7age, largeur 6 mm, pour les scies \u00e0 chantourner Hegner<\/h3>\n<ul>\n<li>4 x grain 240<\/li>\n<\/ul>\n<h1><strong>\u00a0<\/strong><\/h1>\n<p>&nbsp;<\/p>\n","protected":false},"excerpt":{"rendered":"<p>pour scies \u00e0 chantourner Hegner<\/p>\n","protected":false},"featured_media":2303,"comment_status":"open","ping_status":"closed","template":"","meta":{"inline_featured_image":false,"_genesis_hide_title":false,"_genesis_hide_breadcrumbs":false,"_genesis_hide_singular_image":false,"_genesis_hide_footer_widgets":false,"_genesis_custom_body_class":"","_genesis_custom_post_class":"","_genesis_layout":"","ep_exclude_from_search":false},"product_brand":[],"product_cat":[198],"product_tag":[],"class_list":{"0":"post-2600","1":"product","2":"type-product","3":"status-publish","4":"has-post-thumbnail","6":"product_cat-divers-consommables","7":"product_shipping_class-kleinsendung-chf-7-50-fr","8":"pa_laenge-schleifpapier-ca-90-mm-fr","9":"entry","11":"first","12":"instock","13":"taxable","14":"shipping-taxable","15":"purchasable","16":"product-type-simple"},"_links":{"self":[{"href":"https:\/\/shop.hegner.swiss\/fr\/wp-json\/wp\/v2\/product\/2600","targetHints":{"allow":["GET"]}}],"collection":[{"href":"https:\/\/shop.hegner.swiss\/fr\/wp-json\/wp\/v2\/product"}],"about":[{"href":"https:\/\/shop.hegner.swiss\/fr\/wp-json\/wp\/v2\/types\/product"}],"replies":[{"embeddable":true,"href":"https:\/\/shop.hegner.swiss\/fr\/wp-json\/wp\/v2\/comments?post=2600"}],"wp:featuredmedia":[{"embeddable":true,"href":"https:\/\/shop.hegner.swiss\/fr\/wp-json\/wp\/v2\/media\/2303"}],"wp:attachment":[{"href":"https:\/\/shop.hegner.swiss\/fr\/wp-json\/wp\/v2\/media?parent=2600"}],"wp:term":[{"taxonomy":"product_brand","embeddable":true,"href":"https:\/\/shop.hegner.swiss\/fr\/wp-json\/wp\/v2\/product_brand?post=2600"},{"taxonomy":"product_cat","embeddable":true,"href":"https:\/\/shop.hegner.swiss\/fr\/wp-json\/wp\/v2\/product_cat?post=2600"},{"taxonomy":"product_tag","embeddable":true,"href":"https:\/\/shop.hegner.swiss\/fr\/wp-json\/wp\/v2\/product_tag?post=2600"}],"curies":[{"name":"wp","href":"https:\/\/api.w.org\/{rel}","templated":true}]}}