{"id":2606,"date":"2024-07-11T14:24:23","date_gmt":"2024-07-11T12:24:23","guid":{"rendered":"https:\/\/shop.hegner.swiss\/product\/144-lames-de-scie-n-5-niqua-speed\/"},"modified":"2024-10-27T17:31:08","modified_gmt":"2024-10-27T15:31:08","slug":"144-lames-de-scie-n-5-niqua-speed","status":"publish","type":"product","link":"https:\/\/shop.hegner.swiss\/fr\/produkt\/144-lames-de-scie-n-5-niqua-speed\/","title":{"rendered":"144 lames de scie N\u00b0 5 Niqua Speed"},"content":{"rendered":"<h3>Lames de scie taille 5, pour couper du bois, coupe rapide. Des dents invers\u00e9es diminuer les \u00e9clats sur le dessous de la pi\u00e8ce.<\/h3>\n<ul>\n<li>Unit\u00e9 d&#8217;emballage: 1 grosse = 144 pi\u00e8ces<\/li>\n<li>Taille N\u00b0 5 ( 130 x 0,93 x 0,38 mm )<\/li>\n<\/ul>\n<p>&nbsp;<\/p>\n","protected":false},"excerpt":{"rendered":"<p>Paquet de 144 pi\u00e8ces 130 x 0,93 x 0,38 mm<\/p>\n","protected":false},"featured_media":2716,"comment_status":"closed","ping_status":"closed","template":"","meta":{"inline_featured_image":false,"_genesis_hide_title":false,"_genesis_hide_breadcrumbs":false,"_genesis_hide_singular_image":false,"_genesis_hide_footer_widgets":false,"_genesis_custom_body_class":"","_genesis_custom_post_class":"","_genesis_layout":"","ep_exclude_from_search":false},"product_brand":[],"product_cat":[200],"product_tag":[],"class_list":{"0":"post-2606","1":"product","2":"type-product","3":"status-publish","4":"has-post-thumbnail","6":"product_cat-lames-de-scie-pour-bois-metaux-tendres","7":"product_shipping_class-kleinsendung-chf-7-50-fr","8":"pa_laenge-130-mm-fr","9":"entry","11":"first","12":"instock","13":"taxable","14":"shipping-taxable","15":"purchasable","16":"product-type-simple"},"_links":{"self":[{"href":"https:\/\/shop.hegner.swiss\/fr\/wp-json\/wp\/v2\/product\/2606","targetHints":{"allow":["GET"]}}],"collection":[{"href":"https:\/\/shop.hegner.swiss\/fr\/wp-json\/wp\/v2\/product"}],"about":[{"href":"https:\/\/shop.hegner.swiss\/fr\/wp-json\/wp\/v2\/types\/product"}],"replies":[{"embeddable":true,"href":"https:\/\/shop.hegner.swiss\/fr\/wp-json\/wp\/v2\/comments?post=2606"}],"wp:featuredmedia":[{"embeddable":true,"href":"https:\/\/shop.hegner.swiss\/fr\/wp-json\/wp\/v2\/media\/2716"}],"wp:attachment":[{"href":"https:\/\/shop.hegner.swiss\/fr\/wp-json\/wp\/v2\/media?parent=2606"}],"wp:term":[{"taxonomy":"product_brand","embeddable":true,"href":"https:\/\/shop.hegner.swiss\/fr\/wp-json\/wp\/v2\/product_brand?post=2606"},{"taxonomy":"product_cat","embeddable":true,"href":"https:\/\/shop.hegner.swiss\/fr\/wp-json\/wp\/v2\/product_cat?post=2606"},{"taxonomy":"product_tag","embeddable":true,"href":"https:\/\/shop.hegner.swiss\/fr\/wp-json\/wp\/v2\/product_tag?post=2606"}],"curies":[{"name":"wp","href":"https:\/\/api.w.org\/{rel}","templated":true}]}}