{"id":2609,"date":"2024-07-11T14:24:23","date_gmt":"2024-07-11T14:24:23","guid":{"rendered":"https:\/\/shop.hegner.swiss\/product\/multicut-1e-13\/"},"modified":"2025-04-17T10:16:54","modified_gmt":"2025-04-17T08:16:54","slug":"multicut-1e-3","status":"publish","type":"product","link":"https:\/\/shop.hegner.swiss\/fr\/produkt\/multicut-1e-3\/","title":{"rendered":"Hegner Multicut 1E"},"content":{"rendered":"<h3>Le mod\u00e8le de base pour l\u2019amateur exigeant. Avec variateur de vitesse, 400 &#8211; 1400 tours\/min<\/h3>\n<ul>\n<li>Vitesse de 400 \u2013 1400 tours\/min<\/li>\n<li>Construction en fonte grise<\/li>\n<li>Moteur asynchrone con\u00e7u pour travail en continu<\/li>\n<li>Table en alliage aluminium rectifi\u00e9<\/li>\n<li>Utilisation de lames standard<\/li>\n<li>Tension des lames r\u00e9glable<\/li>\n<li>Prise centrale de 35 mm de diam\u00e8tre pour aspiration sup\u00e9rieure et inf\u00e9rieure<\/li>\n<li>Syst\u00e8me de fixation de lame Hegner<\/li>\n<\/ul>\n","protected":false},"excerpt":{"rendered":"<p>Avec r\u00e9glage de vitesse de 400 \u00e0 1400 t\/min<\/p>\n","protected":false},"featured_media":2708,"comment_status":"open","ping_status":"closed","template":"","meta":{"inline_featured_image":false,"_genesis_hide_title":false,"_genesis_hide_breadcrumbs":false,"_genesis_hide_singular_image":false,"_genesis_hide_footer_widgets":false,"_genesis_custom_body_class":"","_genesis_custom_post_class":"","_genesis_layout":"","ep_exclude_from_search":false},"product_brand":[],"product_cat":[192],"product_tag":[],"class_list":{"0":"post-2609","1":"product","2":"type-product","3":"status-publish","4":"has-post-thumbnail","6":"product_cat-multicut-1-fr","7":"product_shipping_class-freihaus-fr","8":"pa_durchgangshoehe-50-mm-fr","9":"entry","11":"first","12":"instock","13":"taxable","14":"shipping-taxable","15":"purchasable","16":"product-type-simple"},"_links":{"self":[{"href":"https:\/\/shop.hegner.swiss\/fr\/wp-json\/wp\/v2\/product\/2609","targetHints":{"allow":["GET"]}}],"collection":[{"href":"https:\/\/shop.hegner.swiss\/fr\/wp-json\/wp\/v2\/product"}],"about":[{"href":"https:\/\/shop.hegner.swiss\/fr\/wp-json\/wp\/v2\/types\/product"}],"replies":[{"embeddable":true,"href":"https:\/\/shop.hegner.swiss\/fr\/wp-json\/wp\/v2\/comments?post=2609"}],"wp:featuredmedia":[{"embeddable":true,"href":"https:\/\/shop.hegner.swiss\/fr\/wp-json\/wp\/v2\/media\/2708"}],"wp:attachment":[{"href":"https:\/\/shop.hegner.swiss\/fr\/wp-json\/wp\/v2\/media?parent=2609"}],"wp:term":[{"taxonomy":"product_brand","embeddable":true,"href":"https:\/\/shop.hegner.swiss\/fr\/wp-json\/wp\/v2\/product_brand?post=2609"},{"taxonomy":"product_cat","embeddable":true,"href":"https:\/\/shop.hegner.swiss\/fr\/wp-json\/wp\/v2\/product_cat?post=2609"},{"taxonomy":"product_tag","embeddable":true,"href":"https:\/\/shop.hegner.swiss\/fr\/wp-json\/wp\/v2\/product_tag?post=2609"}],"curies":[{"name":"wp","href":"https:\/\/api.w.org\/{rel}","templated":true}]}}