{"id":2622,"date":"2024-07-11T14:23:12","date_gmt":"2024-07-11T12:23:12","guid":{"rendered":"https:\/\/shop.hegner.swiss\/product\/hsm-300\/"},"modified":"2024-10-26T19:03:52","modified_gmt":"2024-10-26T17:03:52","slug":"hsm-300","status":"publish","type":"product","link":"https:\/\/shop.hegner.swiss\/fr\/produkt\/hsm-300\/","title":{"rendered":"Hegner Ponceuse \u00e0 disque HSM 300"},"content":{"rendered":"<h3><strong>Ponceuse \u00e0 disque Hegner HSM 300 &#8211; la ponceuse \u00e0 disque particuli\u00e8rement robuste avec une grande table de travail et un contenu de livraison standard pr\u00e9cieux<\/strong><\/h3>\n<h4 class=\"hr hr-invisible avia-builder-el-4 el_after_av_image el_before_av_textblock \">Les avantages de la ponceuse \u00e0 disque HEGNER HSM 300 :<\/h4>\n<section class=\"av_textblock_section\">\n<div class=\"avia_textblock \">\n<ul>\n<li>Solide et pr\u00e9cise en fonte aluminium.<\/li>\n<li>Grande table de pon\u00e7age en aluminium anodis\u00e9 d\u00e9bordant largement de chaque cote au disque<\/li>\n<li>Changement simple de la meule en inclinant la table de meulage, aucun outil requis.<\/li>\n<li>Canal d&#8217;aspiration et buse d&#8217;aspiration int\u00e9gr\u00e9s, diam\u00e8tre 58 mm.<\/li>\n<li>Moteur avec d\u00e9clencheur \u00e0 minimum de tension et c\u00e2ble de 3 m avec fiche.<\/li>\n<li>Le rangement suppl\u00e9mentaire du plateau de pon\u00e7age compense la forte pression de pon\u00e7age.<\/li>\n<li>Garantie 3 ans<\/li>\n<\/ul>\n<\/div>\n<\/section>\n<p>&nbsp;<\/p>\n<p>&nbsp;<\/p>\n","protected":false},"excerpt":{"rendered":"<p>Ponceuse \u00e0 disque, \u00d8 300mm, 0,75kW<\/p>\n","protected":false},"featured_media":2267,"comment_status":"open","ping_status":"closed","template":"","meta":{"inline_featured_image":false,"_genesis_hide_title":false,"_genesis_hide_breadcrumbs":false,"_genesis_hide_singular_image":false,"_genesis_hide_footer_widgets":false,"_genesis_custom_body_class":"","_genesis_custom_post_class":"","_genesis_layout":"","ep_exclude_from_search":false},"product_brand":[],"product_cat":[208],"product_tag":[],"class_list":{"0":"post-2622","1":"product","2":"type-product","3":"status-publish","4":"has-post-thumbnail","6":"product_cat-ponceuses-a-disque","7":"product_shipping_class-freihaus-fr","8":"pa_schleiftischgroesse-520-x-260-mm","9":"entry","11":"first","12":"instock","13":"taxable","14":"shipping-taxable","15":"purchasable","16":"product-type-simple"},"_links":{"self":[{"href":"https:\/\/shop.hegner.swiss\/fr\/wp-json\/wp\/v2\/product\/2622","targetHints":{"allow":["GET"]}}],"collection":[{"href":"https:\/\/shop.hegner.swiss\/fr\/wp-json\/wp\/v2\/product"}],"about":[{"href":"https:\/\/shop.hegner.swiss\/fr\/wp-json\/wp\/v2\/types\/product"}],"replies":[{"embeddable":true,"href":"https:\/\/shop.hegner.swiss\/fr\/wp-json\/wp\/v2\/comments?post=2622"}],"wp:featuredmedia":[{"embeddable":true,"href":"https:\/\/shop.hegner.swiss\/fr\/wp-json\/wp\/v2\/media\/2267"}],"wp:attachment":[{"href":"https:\/\/shop.hegner.swiss\/fr\/wp-json\/wp\/v2\/media?parent=2622"}],"wp:term":[{"taxonomy":"product_brand","embeddable":true,"href":"https:\/\/shop.hegner.swiss\/fr\/wp-json\/wp\/v2\/product_brand?post=2622"},{"taxonomy":"product_cat","embeddable":true,"href":"https:\/\/shop.hegner.swiss\/fr\/wp-json\/wp\/v2\/product_cat?post=2622"},{"taxonomy":"product_tag","embeddable":true,"href":"https:\/\/shop.hegner.swiss\/fr\/wp-json\/wp\/v2\/product_tag?post=2622"}],"curies":[{"name":"wp","href":"https:\/\/api.w.org\/{rel}","templated":true}]}}